{"id":9286,"date":"2022-10-17T15:53:29","date_gmt":"2022-10-17T13:53:29","guid":{"rendered":"https:\/\/yummypartybox.pl\/?post_type=product&#038;p=9286"},"modified":"2026-01-07T12:01:53","modified_gmt":"2026-01-07T11:01:53","slug":"antipasti-box","status":"publish","type":"product","link":"https:\/\/yummypartybox.pl\/en\/sklep\/antipasti-box\/","title":{"rendered":"Antipasti Box"},"content":{"rendered":"\t\t<div data-elementor-type=\"wp-post\" data-elementor-id=\"9286\" class=\"elementor elementor-9286\">\n\t\t\t\t\t\t<section class=\"wd-negative-gap elementor-section elementor-top-section elementor-element elementor-element-235c261 elementor-section-boxed elementor-section-height-default elementor-section-height-default\" data-id=\"235c261\" data-element_type=\"section\">\n\t\t\t\t\t\t<div class=\"elementor-container elementor-column-gap-default\">\n\t\t\t\t\t<div class=\"elementor-column elementor-col-100 elementor-top-column elementor-element elementor-element-7113d4b\" data-id=\"7113d4b\" data-element_type=\"column\">\n\t\t\t<div class=\"elementor-widget-wrap elementor-element-populated\">\n\t\t\t\t\t\t<div class=\"elementor-element elementor-element-54792bf elementor-widget elementor-widget-wd_text_block\" data-id=\"54792bf\" data-element_type=\"widget\" data-widget_type=\"wd_text_block.default\">\n\t\t\t\t<div class=\"elementor-widget-container\">\n\t\t\t\t\t\t\t<div class=\"wd-text-block reset-last-child text-left\">\n\t\t\t\n\t\t\t<h3>Antipasti Box zawiera*:<\/h3><p>- pieczywo, krakersy<br \/>- \u017curawina, korniszonki, oliwki<br \/>- mini mozzarella<br \/>- papryczki czere\u015bniowe<br \/>- sery: camembert, lazur, mimolette<br \/>- prosciutto, salami, kabanosy, kie\u0142bas fuet<br \/>- pomidorki koktajlowe<br \/>- bor\u00f3wka ameryka\u0144ska, truskawki, maliny, winogrono, kiwi<br \/>- orzeszki ziemne, pistacje, daktyle suszone, morele suszone<\/p>\n\t\t\t\t\t<\/div>\n\t\t\t\t\t\t<\/div>\n\t\t\t\t<\/div>\n\t\t\t\t<div class=\"elementor-element elementor-element-b99dece elementor-widget elementor-widget-wd_text_block\" data-id=\"b99dece\" data-element_type=\"widget\" data-widget_type=\"wd_text_block.default\">\n\t\t\t\t<div class=\"elementor-widget-container\">\n\t\t\t\t\t\t\t<div class=\"wd-text-block reset-last-child text-left\">\n\t\t\t\n\t\t\t<p>*Sk\u0142adniki i dodatki mog\u0105 r\u00f3\u017cni\u0107 si\u0119, w zale\u017cno\u015bci od sezonu oraz dost\u0119pno\u015bci produkt\u00f3w.<br \/>*BOXy mog\u0105 r\u00f3\u017cni\u0107 si\u0119 u\u0142o\u017ceniem oraz wybranymi produktami od tego co jest widoczne na zdj\u0119ciu.<\/p>\n\t\t\t\t\t<\/div>\n\t\t\t\t\t\t<\/div>\n\t\t\t\t<\/div>\n\t\t\t\t\t<\/div>\n\t\t<\/div>\n\t\t\t\t\t<\/div>\n\t\t<\/section>\n\t\t\t\t<\/div>\n\t\t","protected":false},"excerpt":{"rendered":"<h4>Box zawiera pocz\u0119stunek dla 3-4 os\u00f3b lub 6-8 os\u00f3b<\/h4>\n<p>Antipasti Box dostarczamy ca\u0142y tydzie\u0144<\/p>\n","protected":false},"featured_media":25732,"template":"","meta":{"_acf_changed":false},"product_brand":[],"product_cat":[20],"product_tag":[],"class_list":{"0":"post-9286","1":"product","2":"type-product","3":"status-publish","4":"has-post-thumbnail","6":"product_cat-boxy-wytrawnie","7":"tm-no-options","9":"first","10":"instock","11":"taxable","12":"shipping-taxable","13":"purchasable","14":"product-type-variable"},"acf":[],"yoast_head":"<!-- This site is optimized with the Yoast SEO plugin v26.3 - https:\/\/yoast.com\/wordpress\/plugins\/seo\/ -->\n<title>Antipasti Box - Yummy Party Box<\/title>\n<meta name=\"robots\" content=\"index, follow, max-snippet:-1, max-image-preview:large, max-video-preview:-1\" \/>\n<link rel=\"canonical\" href=\"https:\/\/yummypartybox.pl\/sklep\/antipasti-box\/\" \/>\n<meta property=\"og:locale\" content=\"en_US\" \/>\n<meta property=\"og:type\" content=\"article\" \/>\n<meta property=\"og:title\" content=\"Antipasti Box - Yummy Party Box\" \/>\n<meta property=\"og:description\" content=\"Box zawiera pocz\u0119stunek dla 3-4 os\u00f3b lub 6-8 os\u00f3b Antipasti Box dostarczamy ca\u0142y tydzie\u0144\" \/>\n<meta property=\"og:url\" content=\"https:\/\/yummypartybox.pl\/sklep\/antipasti-box\/\" \/>\n<meta property=\"og:site_name\" content=\"Yummy Catering - Party Box\" \/>\n<meta property=\"article:modified_time\" content=\"2026-01-07T11:01:53+00:00\" \/>\n<meta property=\"og:image\" content=\"https:\/\/yummypartybox.pl\/wp-content\/uploads\/2022\/10\/antipasti_box-1.webp\" \/>\n\t<meta property=\"og:image:width\" content=\"600\" \/>\n\t<meta property=\"og:image:height\" content=\"600\" \/>\n\t<meta property=\"og:image:type\" content=\"image\/webp\" \/>\n<meta name=\"twitter:card\" content=\"summary_large_image\" \/>\n<meta name=\"twitter:label1\" content=\"Est. reading time\" \/>\n\t<meta name=\"twitter:data1\" content=\"1 minute\" \/>\n<script type=\"application\/ld+json\" class=\"yoast-schema-graph\">{\"@context\":\"https:\/\/schema.org\",\"@graph\":[{\"@type\":\"WebPage\",\"@id\":\"https:\/\/yummypartybox.pl\/sklep\/antipasti-box\/\",\"url\":\"https:\/\/yummypartybox.pl\/sklep\/antipasti-box\/\",\"name\":\"Antipasti Box - Yummy Party Box\",\"isPartOf\":{\"@id\":\"https:\/\/yummypartybox.pl\/#website\"},\"primaryImageOfPage\":{\"@id\":\"https:\/\/yummypartybox.pl\/sklep\/antipasti-box\/#primaryimage\"},\"image\":{\"@id\":\"https:\/\/yummypartybox.pl\/sklep\/antipasti-box\/#primaryimage\"},\"thumbnailUrl\":\"https:\/\/yummypartybox.pl\/wp-content\/uploads\/2022\/10\/antipasti_box-1.webp\",\"datePublished\":\"2022-10-17T13:53:29+00:00\",\"dateModified\":\"2026-01-07T11:01:53+00:00\",\"breadcrumb\":{\"@id\":\"https:\/\/yummypartybox.pl\/sklep\/antipasti-box\/#breadcrumb\"},\"inLanguage\":\"en-US\",\"potentialAction\":[{\"@type\":\"ReadAction\",\"target\":[\"https:\/\/yummypartybox.pl\/sklep\/antipasti-box\/\"]}]},{\"@type\":\"ImageObject\",\"inLanguage\":\"en-US\",\"@id\":\"https:\/\/yummypartybox.pl\/sklep\/antipasti-box\/#primaryimage\",\"url\":\"https:\/\/yummypartybox.pl\/wp-content\/uploads\/2022\/10\/antipasti_box-1.webp\",\"contentUrl\":\"https:\/\/yummypartybox.pl\/wp-content\/uploads\/2022\/10\/antipasti_box-1.webp\",\"width\":600,\"height\":600},{\"@type\":\"BreadcrumbList\",\"@id\":\"https:\/\/yummypartybox.pl\/sklep\/antipasti-box\/#breadcrumb\",\"itemListElement\":[{\"@type\":\"ListItem\",\"position\":1,\"name\":\"Strona g\u0142\u00f3wna\",\"item\":\"https:\/\/yummypartybox.pl\/\"},{\"@type\":\"ListItem\",\"position\":2,\"name\":\"Sklep\",\"item\":\"https:\/\/yummypartybox.pl\/sklep\/\"},{\"@type\":\"ListItem\",\"position\":3,\"name\":\"Antipasti Box\"}]},{\"@type\":\"WebSite\",\"@id\":\"https:\/\/yummypartybox.pl\/#website\",\"url\":\"https:\/\/yummypartybox.pl\/\",\"name\":\"Yummy Catering - Party Box\",\"description\":\"Catering Box. \u015awie\u017ce produkty, pyszny smak, jako\u015b\u0107 to Yummy Party Box.\",\"publisher\":{\"@id\":\"https:\/\/yummypartybox.pl\/#organization\"},\"alternateName\":\"YUMMY CATERING\",\"potentialAction\":[{\"@type\":\"SearchAction\",\"target\":{\"@type\":\"EntryPoint\",\"urlTemplate\":\"https:\/\/yummypartybox.pl\/?s={search_term_string}\"},\"query-input\":{\"@type\":\"PropertyValueSpecification\",\"valueRequired\":true,\"valueName\":\"search_term_string\"}}],\"inLanguage\":\"en-US\"},{\"@type\":\"Organization\",\"@id\":\"https:\/\/yummypartybox.pl\/#organization\",\"name\":\"Yummy Catering - Party Box\",\"url\":\"https:\/\/yummypartybox.pl\/\",\"logo\":{\"@type\":\"ImageObject\",\"inLanguage\":\"en-US\",\"@id\":\"https:\/\/yummypartybox.pl\/#\/schema\/logo\/image\/\",\"url\":\"https:\/\/yummypartybox.pl\/wp-content\/uploads\/2022\/11\/logo-yummy-partybox.png\",\"contentUrl\":\"https:\/\/yummypartybox.pl\/wp-content\/uploads\/2022\/11\/logo-yummy-partybox.png\",\"width\":163,\"height\":163,\"caption\":\"Yummy Catering - Party Box\"},\"image\":{\"@id\":\"https:\/\/yummypartybox.pl\/#\/schema\/logo\/image\/\"}}]}<\/script>\n<!-- \/ Yoast SEO plugin. -->","yoast_head_json":{"title":"Antipasti Box - Yummy Party Box","robots":{"index":"index","follow":"follow","max-snippet":"max-snippet:-1","max-image-preview":"max-image-preview:large","max-video-preview":"max-video-preview:-1"},"canonical":"https:\/\/yummypartybox.pl\/sklep\/antipasti-box\/","og_locale":"en_US","og_type":"article","og_title":"Antipasti Box - Yummy Party Box","og_description":"Box zawiera pocz\u0119stunek dla 3-4 os\u00f3b lub 6-8 os\u00f3b Antipasti Box dostarczamy ca\u0142y tydzie\u0144","og_url":"https:\/\/yummypartybox.pl\/sklep\/antipasti-box\/","og_site_name":"Yummy Catering - Party Box","article_modified_time":"2026-01-07T11:01:53+00:00","og_image":[{"width":600,"height":600,"url":"https:\/\/yummypartybox.pl\/wp-content\/uploads\/2022\/10\/antipasti_box-1.webp","type":"image\/webp"}],"twitter_card":"summary_large_image","twitter_misc":{"Est. reading time":"1 minute"},"schema":{"@context":"https:\/\/schema.org","@graph":[{"@type":"WebPage","@id":"https:\/\/yummypartybox.pl\/sklep\/antipasti-box\/","url":"https:\/\/yummypartybox.pl\/sklep\/antipasti-box\/","name":"Antipasti Box - Yummy Party Box","isPartOf":{"@id":"https:\/\/yummypartybox.pl\/#website"},"primaryImageOfPage":{"@id":"https:\/\/yummypartybox.pl\/sklep\/antipasti-box\/#primaryimage"},"image":{"@id":"https:\/\/yummypartybox.pl\/sklep\/antipasti-box\/#primaryimage"},"thumbnailUrl":"https:\/\/yummypartybox.pl\/wp-content\/uploads\/2022\/10\/antipasti_box-1.webp","datePublished":"2022-10-17T13:53:29+00:00","dateModified":"2026-01-07T11:01:53+00:00","breadcrumb":{"@id":"https:\/\/yummypartybox.pl\/sklep\/antipasti-box\/#breadcrumb"},"inLanguage":"en-US","potentialAction":[{"@type":"ReadAction","target":["https:\/\/yummypartybox.pl\/sklep\/antipasti-box\/"]}]},{"@type":"ImageObject","inLanguage":"en-US","@id":"https:\/\/yummypartybox.pl\/sklep\/antipasti-box\/#primaryimage","url":"https:\/\/yummypartybox.pl\/wp-content\/uploads\/2022\/10\/antipasti_box-1.webp","contentUrl":"https:\/\/yummypartybox.pl\/wp-content\/uploads\/2022\/10\/antipasti_box-1.webp","width":600,"height":600},{"@type":"BreadcrumbList","@id":"https:\/\/yummypartybox.pl\/sklep\/antipasti-box\/#breadcrumb","itemListElement":[{"@type":"ListItem","position":1,"name":"Strona g\u0142\u00f3wna","item":"https:\/\/yummypartybox.pl\/"},{"@type":"ListItem","position":2,"name":"Sklep","item":"https:\/\/yummypartybox.pl\/sklep\/"},{"@type":"ListItem","position":3,"name":"Antipasti Box"}]},{"@type":"WebSite","@id":"https:\/\/yummypartybox.pl\/#website","url":"https:\/\/yummypartybox.pl\/","name":"Yummy Catering - Party Box","description":"Catering Box. \u015awie\u017ce produkty, pyszny smak, jako\u015b\u0107 to Yummy Party Box.","publisher":{"@id":"https:\/\/yummypartybox.pl\/#organization"},"alternateName":"YUMMY CATERING","potentialAction":[{"@type":"SearchAction","target":{"@type":"EntryPoint","urlTemplate":"https:\/\/yummypartybox.pl\/?s={search_term_string}"},"query-input":{"@type":"PropertyValueSpecification","valueRequired":true,"valueName":"search_term_string"}}],"inLanguage":"en-US"},{"@type":"Organization","@id":"https:\/\/yummypartybox.pl\/#organization","name":"Yummy Catering - Party Box","url":"https:\/\/yummypartybox.pl\/","logo":{"@type":"ImageObject","inLanguage":"en-US","@id":"https:\/\/yummypartybox.pl\/#\/schema\/logo\/image\/","url":"https:\/\/yummypartybox.pl\/wp-content\/uploads\/2022\/11\/logo-yummy-partybox.png","contentUrl":"https:\/\/yummypartybox.pl\/wp-content\/uploads\/2022\/11\/logo-yummy-partybox.png","width":163,"height":163,"caption":"Yummy Catering - Party Box"},"image":{"@id":"https:\/\/yummypartybox.pl\/#\/schema\/logo\/image\/"}}]}},"_links":{"self":[{"href":"https:\/\/yummypartybox.pl\/en\/wp-json\/wp\/v2\/product\/9286","targetHints":{"allow":["GET"]}}],"collection":[{"href":"https:\/\/yummypartybox.pl\/en\/wp-json\/wp\/v2\/product"}],"about":[{"href":"https:\/\/yummypartybox.pl\/en\/wp-json\/wp\/v2\/types\/product"}],"version-history":[{"count":14,"href":"https:\/\/yummypartybox.pl\/en\/wp-json\/wp\/v2\/product\/9286\/revisions"}],"predecessor-version":[{"id":28852,"href":"https:\/\/yummypartybox.pl\/en\/wp-json\/wp\/v2\/product\/9286\/revisions\/28852"}],"wp:featuredmedia":[{"embeddable":true,"href":"https:\/\/yummypartybox.pl\/en\/wp-json\/wp\/v2\/media\/25732"}],"wp:attachment":[{"href":"https:\/\/yummypartybox.pl\/en\/wp-json\/wp\/v2\/media?parent=9286"}],"wp:term":[{"taxonomy":"product_brand","embeddable":true,"href":"https:\/\/yummypartybox.pl\/en\/wp-json\/wp\/v2\/product_brand?post=9286"},{"taxonomy":"product_cat","embeddable":true,"href":"https:\/\/yummypartybox.pl\/en\/wp-json\/wp\/v2\/product_cat?post=9286"},{"taxonomy":"product_tag","embeddable":true,"href":"https:\/\/yummypartybox.pl\/en\/wp-json\/wp\/v2\/product_tag?post=9286"}],"curies":[{"name":"wp","href":"https:\/\/api.w.org\/{rel}","templated":true}]}}