{"id":30027,"date":"2026-03-25T10:00:44","date_gmt":"2026-03-25T09:00:44","guid":{"rendered":"https:\/\/yummypartybox.pl\/?post_type=product&#038;p=30027"},"modified":"2026-03-25T13:41:29","modified_gmt":"2026-03-25T12:41:29","slug":"zestaw-deserow-na-wynos-w-puszce-yummy-can-go","status":"publish","type":"product","link":"https:\/\/yummypartybox.pl\/en\/sklep\/zestaw-deserow-na-wynos-w-puszce-yummy-can-go\/","title":{"rendered":"Zestaw deser\u00f3w na wynos w puszce &#8211; Yummy Can Go"},"content":{"rendered":"<p data-start=\"53\" data-end=\"284\">Yummy Can Go to wyj\u0105tkowy zestaw deser\u00f3w i przek\u0105sek zamkni\u0119tych w wygodnych puszkach &#8211; idealnych do zabrania ze sob\u0105 do pracy, szko\u0142y czy w podr\u00f3\u017c. To po\u0142\u0105czenie \u015bwie\u017cych sk\u0142adnik\u00f3w, modnych smak\u00f3w i praktycznej formy \u201egrab &amp; go\u201d.<\/p>\n<p data-start=\"286\" data-end=\"647\">W zestawie znajdziesz:<\/p>\n<ul>\n<li>nale\u015bniki z konfitur\u0105 malinow\u0105<\/li>\n<li data-start=\"649\" data-end=\"790\" data-is-last-node=\"\" data-is-only-node=\"\">nale\u015bniki z Nutell\u0105 i truskawkami<\/li>\n<li data-start=\"649\" data-end=\"790\" data-is-last-node=\"\" data-is-only-node=\"\">energetyczne kulki mocy<\/li>\n<li>owsianka orzech &#8211; malina<\/li>\n<li>granola<\/li>\n<li data-start=\"649\" data-end=\"790\" data-is-last-node=\"\" data-is-only-node=\"\">2 x \u015bniadanie: chia z mango<\/li>\n<li data-start=\"649\" data-end=\"790\" data-is-last-node=\"\" data-is-only-node=\"\">deser: wanilia z truskawkami<\/li>\n<li data-start=\"649\" data-end=\"790\" data-is-last-node=\"\" data-is-only-node=\"\">deser: pistacja<\/li>\n<li data-start=\"649\" data-end=\"790\" data-is-last-node=\"\" data-is-only-node=\"\">deser: klasyczne tiramisu<\/li>\n<\/ul>\n<p>Ka\u017cdy produkt przygotowany jest z wysokiej jako\u015bci sk\u0142adnik\u00f3w i gotowy do spo\u017cycia od razu po otwarciu.<\/p>\n<p>To idealny wyb\u00f3r na szybkie \u015bniadanie, deser lub zdrow\u0105 przek\u0105sk\u0119 na wynos. Yummy Can Go to wygoda, smak i energia zamkni\u0119te w jednej puszce.<\/p>\n<p>&nbsp;<\/p>\n<p><strong>Termin przydatno\u015bci:<\/strong>\u00a0do 3 dni od daty produkcji.<\/p>\n","protected":false},"excerpt":{"rendered":"<p>Yummy Can Go to wyj\u0105tkowy zestaw deser\u00f3w i przek\u0105sek zamkni\u0119tych w wygodnych puszkach &#8211; idealnych do zabrania ze sob\u0105 do<\/p>\n","protected":false},"featured_media":30055,"template":"","meta":{"_acf_changed":false},"product_brand":[],"product_cat":[122],"product_tag":[],"class_list":{"0":"post-30027","1":"product","2":"type-product","3":"status-publish","4":"has-post-thumbnail","6":"product_cat-can-go","7":"tm-no-options","9":"first","10":"instock","11":"taxable","12":"shipping-taxable","13":"purchasable","14":"product-type-simple"},"acf":[],"yoast_head":"<!-- This site is optimized with the Yoast SEO plugin v26.3 - https:\/\/yoast.com\/wordpress\/plugins\/seo\/ -->\n<title>Zestaw deser\u00f3w na wynos w puszce - Yummy Can Go - Yummy Catering - Party Box<\/title>\n<meta name=\"robots\" content=\"index, follow, max-snippet:-1, max-image-preview:large, max-video-preview:-1\" \/>\n<link rel=\"canonical\" href=\"https:\/\/yummypartybox.pl\/sklep\/zestaw-deserow-na-wynos-w-puszce-yummy-can-go\/\" \/>\n<meta property=\"og:locale\" content=\"en_US\" \/>\n<meta property=\"og:type\" content=\"article\" \/>\n<meta property=\"og:title\" content=\"Zestaw deser\u00f3w na wynos w puszce - Yummy Can Go - Yummy Catering - Party Box\" \/>\n<meta property=\"og:description\" content=\"Yummy Can Go to wyj\u0105tkowy zestaw deser\u00f3w i przek\u0105sek zamkni\u0119tych w wygodnych puszkach &#8211; idealnych do zabrania ze sob\u0105 do\" \/>\n<meta property=\"og:url\" content=\"https:\/\/yummypartybox.pl\/sklep\/zestaw-deserow-na-wynos-w-puszce-yummy-can-go\/\" \/>\n<meta property=\"og:site_name\" content=\"Yummy Catering - Party Box\" \/>\n<meta property=\"article:modified_time\" content=\"2026-03-25T12:41:29+00:00\" \/>\n<meta property=\"og:image\" content=\"https:\/\/yummypartybox.pl\/wp-content\/uploads\/2026\/03\/yummy_zestaw_1-scaled.jpg\" \/>\n\t<meta property=\"og:image:width\" content=\"1706\" \/>\n\t<meta property=\"og:image:height\" content=\"2560\" \/>\n\t<meta property=\"og:image:type\" content=\"image\/jpeg\" \/>\n<meta name=\"twitter:card\" content=\"summary_large_image\" \/>\n<meta name=\"twitter:label1\" content=\"Est. reading time\" \/>\n\t<meta name=\"twitter:data1\" content=\"1 minute\" \/>\n<script type=\"application\/ld+json\" class=\"yoast-schema-graph\">{\"@context\":\"https:\/\/schema.org\",\"@graph\":[{\"@type\":\"WebPage\",\"@id\":\"https:\/\/yummypartybox.pl\/sklep\/zestaw-deserow-na-wynos-w-puszce-yummy-can-go\/\",\"url\":\"https:\/\/yummypartybox.pl\/sklep\/zestaw-deserow-na-wynos-w-puszce-yummy-can-go\/\",\"name\":\"Zestaw deser\u00f3w na wynos w puszce - Yummy Can Go - Yummy Catering - Party Box\",\"isPartOf\":{\"@id\":\"https:\/\/yummypartybox.pl\/#website\"},\"primaryImageOfPage\":{\"@id\":\"https:\/\/yummypartybox.pl\/sklep\/zestaw-deserow-na-wynos-w-puszce-yummy-can-go\/#primaryimage\"},\"image\":{\"@id\":\"https:\/\/yummypartybox.pl\/sklep\/zestaw-deserow-na-wynos-w-puszce-yummy-can-go\/#primaryimage\"},\"thumbnailUrl\":\"https:\/\/yummypartybox.pl\/wp-content\/uploads\/2026\/03\/yummy_zestaw_1-scaled.jpg\",\"datePublished\":\"2026-03-25T09:00:44+00:00\",\"dateModified\":\"2026-03-25T12:41:29+00:00\",\"breadcrumb\":{\"@id\":\"https:\/\/yummypartybox.pl\/sklep\/zestaw-deserow-na-wynos-w-puszce-yummy-can-go\/#breadcrumb\"},\"inLanguage\":\"en-US\",\"potentialAction\":[{\"@type\":\"ReadAction\",\"target\":[\"https:\/\/yummypartybox.pl\/sklep\/zestaw-deserow-na-wynos-w-puszce-yummy-can-go\/\"]}]},{\"@type\":\"ImageObject\",\"inLanguage\":\"en-US\",\"@id\":\"https:\/\/yummypartybox.pl\/sklep\/zestaw-deserow-na-wynos-w-puszce-yummy-can-go\/#primaryimage\",\"url\":\"https:\/\/yummypartybox.pl\/wp-content\/uploads\/2026\/03\/yummy_zestaw_1-scaled.jpg\",\"contentUrl\":\"https:\/\/yummypartybox.pl\/wp-content\/uploads\/2026\/03\/yummy_zestaw_1-scaled.jpg\",\"width\":1706,\"height\":2560},{\"@type\":\"BreadcrumbList\",\"@id\":\"https:\/\/yummypartybox.pl\/sklep\/zestaw-deserow-na-wynos-w-puszce-yummy-can-go\/#breadcrumb\",\"itemListElement\":[{\"@type\":\"ListItem\",\"position\":1,\"name\":\"Strona g\u0142\u00f3wna\",\"item\":\"https:\/\/yummypartybox.pl\/\"},{\"@type\":\"ListItem\",\"position\":2,\"name\":\"Sklep\",\"item\":\"https:\/\/yummypartybox.pl\/sklep\/\"},{\"@type\":\"ListItem\",\"position\":3,\"name\":\"Zestaw deser\u00f3w na wynos w puszce &#8211; Yummy Can Go\"}]},{\"@type\":\"WebSite\",\"@id\":\"https:\/\/yummypartybox.pl\/#website\",\"url\":\"https:\/\/yummypartybox.pl\/\",\"name\":\"Yummy Catering - Party Box\",\"description\":\"Catering Box. \u015awie\u017ce produkty, pyszny smak, jako\u015b\u0107 to Yummy Party Box.\",\"publisher\":{\"@id\":\"https:\/\/yummypartybox.pl\/#organization\"},\"alternateName\":\"YUMMY CATERING\",\"potentialAction\":[{\"@type\":\"SearchAction\",\"target\":{\"@type\":\"EntryPoint\",\"urlTemplate\":\"https:\/\/yummypartybox.pl\/?s={search_term_string}\"},\"query-input\":{\"@type\":\"PropertyValueSpecification\",\"valueRequired\":true,\"valueName\":\"search_term_string\"}}],\"inLanguage\":\"en-US\"},{\"@type\":\"Organization\",\"@id\":\"https:\/\/yummypartybox.pl\/#organization\",\"name\":\"Yummy Catering - Party Box\",\"url\":\"https:\/\/yummypartybox.pl\/\",\"logo\":{\"@type\":\"ImageObject\",\"inLanguage\":\"en-US\",\"@id\":\"https:\/\/yummypartybox.pl\/#\/schema\/logo\/image\/\",\"url\":\"https:\/\/yummypartybox.pl\/wp-content\/uploads\/2022\/11\/logo-yummy-partybox.png\",\"contentUrl\":\"https:\/\/yummypartybox.pl\/wp-content\/uploads\/2022\/11\/logo-yummy-partybox.png\",\"width\":163,\"height\":163,\"caption\":\"Yummy Catering - Party Box\"},\"image\":{\"@id\":\"https:\/\/yummypartybox.pl\/#\/schema\/logo\/image\/\"}}]}<\/script>\n<!-- \/ Yoast SEO plugin. -->","yoast_head_json":{"title":"Zestaw deser\u00f3w na wynos w puszce - Yummy Can Go - Yummy Catering - Party Box","robots":{"index":"index","follow":"follow","max-snippet":"max-snippet:-1","max-image-preview":"max-image-preview:large","max-video-preview":"max-video-preview:-1"},"canonical":"https:\/\/yummypartybox.pl\/sklep\/zestaw-deserow-na-wynos-w-puszce-yummy-can-go\/","og_locale":"en_US","og_type":"article","og_title":"Zestaw deser\u00f3w na wynos w puszce - Yummy Can Go - Yummy Catering - Party Box","og_description":"Yummy Can Go to wyj\u0105tkowy zestaw deser\u00f3w i przek\u0105sek zamkni\u0119tych w wygodnych puszkach &#8211; idealnych do zabrania ze sob\u0105 do","og_url":"https:\/\/yummypartybox.pl\/sklep\/zestaw-deserow-na-wynos-w-puszce-yummy-can-go\/","og_site_name":"Yummy Catering - Party Box","article_modified_time":"2026-03-25T12:41:29+00:00","og_image":[{"width":1706,"height":2560,"url":"https:\/\/yummypartybox.pl\/wp-content\/uploads\/2026\/03\/yummy_zestaw_1-scaled.jpg","type":"image\/jpeg"}],"twitter_card":"summary_large_image","twitter_misc":{"Est. reading time":"1 minute"},"schema":{"@context":"https:\/\/schema.org","@graph":[{"@type":"WebPage","@id":"https:\/\/yummypartybox.pl\/sklep\/zestaw-deserow-na-wynos-w-puszce-yummy-can-go\/","url":"https:\/\/yummypartybox.pl\/sklep\/zestaw-deserow-na-wynos-w-puszce-yummy-can-go\/","name":"Zestaw deser\u00f3w na wynos w puszce - Yummy Can Go - Yummy Catering - Party Box","isPartOf":{"@id":"https:\/\/yummypartybox.pl\/#website"},"primaryImageOfPage":{"@id":"https:\/\/yummypartybox.pl\/sklep\/zestaw-deserow-na-wynos-w-puszce-yummy-can-go\/#primaryimage"},"image":{"@id":"https:\/\/yummypartybox.pl\/sklep\/zestaw-deserow-na-wynos-w-puszce-yummy-can-go\/#primaryimage"},"thumbnailUrl":"https:\/\/yummypartybox.pl\/wp-content\/uploads\/2026\/03\/yummy_zestaw_1-scaled.jpg","datePublished":"2026-03-25T09:00:44+00:00","dateModified":"2026-03-25T12:41:29+00:00","breadcrumb":{"@id":"https:\/\/yummypartybox.pl\/sklep\/zestaw-deserow-na-wynos-w-puszce-yummy-can-go\/#breadcrumb"},"inLanguage":"en-US","potentialAction":[{"@type":"ReadAction","target":["https:\/\/yummypartybox.pl\/sklep\/zestaw-deserow-na-wynos-w-puszce-yummy-can-go\/"]}]},{"@type":"ImageObject","inLanguage":"en-US","@id":"https:\/\/yummypartybox.pl\/sklep\/zestaw-deserow-na-wynos-w-puszce-yummy-can-go\/#primaryimage","url":"https:\/\/yummypartybox.pl\/wp-content\/uploads\/2026\/03\/yummy_zestaw_1-scaled.jpg","contentUrl":"https:\/\/yummypartybox.pl\/wp-content\/uploads\/2026\/03\/yummy_zestaw_1-scaled.jpg","width":1706,"height":2560},{"@type":"BreadcrumbList","@id":"https:\/\/yummypartybox.pl\/sklep\/zestaw-deserow-na-wynos-w-puszce-yummy-can-go\/#breadcrumb","itemListElement":[{"@type":"ListItem","position":1,"name":"Strona g\u0142\u00f3wna","item":"https:\/\/yummypartybox.pl\/"},{"@type":"ListItem","position":2,"name":"Sklep","item":"https:\/\/yummypartybox.pl\/sklep\/"},{"@type":"ListItem","position":3,"name":"Zestaw deser\u00f3w na wynos w puszce &#8211; Yummy Can Go"}]},{"@type":"WebSite","@id":"https:\/\/yummypartybox.pl\/#website","url":"https:\/\/yummypartybox.pl\/","name":"Yummy Catering - Party Box","description":"Catering Box. \u015awie\u017ce produkty, pyszny smak, jako\u015b\u0107 to Yummy Party Box.","publisher":{"@id":"https:\/\/yummypartybox.pl\/#organization"},"alternateName":"YUMMY CATERING","potentialAction":[{"@type":"SearchAction","target":{"@type":"EntryPoint","urlTemplate":"https:\/\/yummypartybox.pl\/?s={search_term_string}"},"query-input":{"@type":"PropertyValueSpecification","valueRequired":true,"valueName":"search_term_string"}}],"inLanguage":"en-US"},{"@type":"Organization","@id":"https:\/\/yummypartybox.pl\/#organization","name":"Yummy Catering - Party Box","url":"https:\/\/yummypartybox.pl\/","logo":{"@type":"ImageObject","inLanguage":"en-US","@id":"https:\/\/yummypartybox.pl\/#\/schema\/logo\/image\/","url":"https:\/\/yummypartybox.pl\/wp-content\/uploads\/2022\/11\/logo-yummy-partybox.png","contentUrl":"https:\/\/yummypartybox.pl\/wp-content\/uploads\/2022\/11\/logo-yummy-partybox.png","width":163,"height":163,"caption":"Yummy Catering - Party Box"},"image":{"@id":"https:\/\/yummypartybox.pl\/#\/schema\/logo\/image\/"}}]}},"_links":{"self":[{"href":"https:\/\/yummypartybox.pl\/en\/wp-json\/wp\/v2\/product\/30027","targetHints":{"allow":["GET"]}}],"collection":[{"href":"https:\/\/yummypartybox.pl\/en\/wp-json\/wp\/v2\/product"}],"about":[{"href":"https:\/\/yummypartybox.pl\/en\/wp-json\/wp\/v2\/types\/product"}],"version-history":[{"count":3,"href":"https:\/\/yummypartybox.pl\/en\/wp-json\/wp\/v2\/product\/30027\/revisions"}],"predecessor-version":[{"id":30059,"href":"https:\/\/yummypartybox.pl\/en\/wp-json\/wp\/v2\/product\/30027\/revisions\/30059"}],"wp:featuredmedia":[{"embeddable":true,"href":"https:\/\/yummypartybox.pl\/en\/wp-json\/wp\/v2\/media\/30055"}],"wp:attachment":[{"href":"https:\/\/yummypartybox.pl\/en\/wp-json\/wp\/v2\/media?parent=30027"}],"wp:term":[{"taxonomy":"product_brand","embeddable":true,"href":"https:\/\/yummypartybox.pl\/en\/wp-json\/wp\/v2\/product_brand?post=30027"},{"taxonomy":"product_cat","embeddable":true,"href":"https:\/\/yummypartybox.pl\/en\/wp-json\/wp\/v2\/product_cat?post=30027"},{"taxonomy":"product_tag","embeddable":true,"href":"https:\/\/yummypartybox.pl\/en\/wp-json\/wp\/v2\/product_tag?post=30027"}],"curies":[{"name":"wp","href":"https:\/\/api.w.org\/{rel}","templated":true}]}}