{"id":30007,"date":"2026-03-25T10:00:42","date_gmt":"2026-03-25T09:00:42","guid":{"rendered":"https:\/\/yummypartybox.pl\/?post_type=product&#038;p=30007"},"modified":"2026-03-25T13:26:00","modified_gmt":"2026-03-25T12:26:00","slug":"chia-z-mango-yummy-can-go","status":"publish","type":"product","link":"https:\/\/yummypartybox.pl\/en\/sklep\/chia-z-mango-yummy-can-go\/","title":{"rendered":"Chia z mango &#8211; Yummy Can Go"},"content":{"rendered":"<p><strong>Chia z mango &#8211; Yummy Can Go <\/strong>\u00a0to egzotyczny deser w wygodnej puszce, idealny na wynos. Ten lekki, ro\u015blinny pudding chia na bazie mleka kokosowego z dodatkiem musu i kawa\u0142k\u00f3w mango zachwyca naturaln\u0105 s\u0142odycz\u0105 i tropikalnym smakiem. Doskona\u0142y jako szybka, zdrowa przek\u0105ska do pracy, szko\u0142y lub w podr\u00f3\u017cy &#8211; wystarczy otworzy\u0107 i cieszy\u0107 si\u0119 zdrowym deserem gdziekolwiek jeste\u015b.<\/p>\n<p data-start=\"378\" data-end=\"523\">Produkt z serii\u00a0<strong data-start=\"394\" data-end=\"410\">Yummy Can Go<\/strong>\u00a0to po\u0142\u0105czenie wygody i warto\u015bciowych sk\u0142adnik\u00f3w &#8211; bez zb\u0119dnych dodatk\u00f3w, w 100% ro\u015blinny i gotowy do spo\u017cycia.<\/p>\n<p data-start=\"525\" data-end=\"610\" data-is-last-node=\"\" data-is-only-node=\"\"><strong data-start=\"525\" data-end=\"535\">Sk\u0142ad:<\/strong><\/p>\n<ul>\n<li>mleko kokosowe<\/li>\n<li>pulpa mango<\/li>\n<li>mango mro\u017cone<\/li>\n<li>p\u0142atki kokosowe<\/li>\n<li>nasiona chia<\/li>\n<\/ul>\n<p>&nbsp;<\/p>\n<p>Masa netto: 200 g<\/p>\n<p><strong>Termin przydatno\u015bci:<\/strong>\u00a0do 3 dni od daty produkcji.<\/p>\n","protected":false},"excerpt":{"rendered":"<p>Minimalna ilo\u015b\u0107 zam\u00f3wienia: 3 sztuki<\/p>\n","protected":false},"featured_media":30010,"template":"","meta":{"_acf_changed":false},"product_brand":[],"product_cat":[123,122],"product_tag":[],"class_list":{"0":"post-30007","1":"product","2":"type-product","3":"status-publish","4":"has-post-thumbnail","6":"product_cat-puszki","7":"product_cat-can-go","8":"tm-no-options","10":"first","11":"instock","12":"taxable","13":"shipping-taxable","14":"purchasable","15":"product-type-simple"},"acf":[],"yoast_head":"<!-- This site is optimized with the Yoast SEO plugin v26.3 - https:\/\/yoast.com\/wordpress\/plugins\/seo\/ -->\n<title>Chia z mango - Yummy Can Go - Yummy Catering - Party Box<\/title>\n<meta name=\"robots\" content=\"index, follow, max-snippet:-1, max-image-preview:large, max-video-preview:-1\" \/>\n<link rel=\"canonical\" href=\"https:\/\/yummypartybox.pl\/sklep\/chia-z-mango-yummy-can-go\/\" \/>\n<meta property=\"og:locale\" content=\"en_US\" \/>\n<meta property=\"og:type\" content=\"article\" \/>\n<meta property=\"og:title\" content=\"Chia z mango - Yummy Can Go - Yummy Catering - Party Box\" \/>\n<meta property=\"og:description\" content=\"Minimalna ilo\u015b\u0107 zam\u00f3wienia: 3 sztuki\" \/>\n<meta property=\"og:url\" content=\"https:\/\/yummypartybox.pl\/sklep\/chia-z-mango-yummy-can-go\/\" \/>\n<meta property=\"og:site_name\" content=\"Yummy Catering - Party Box\" \/>\n<meta property=\"article:modified_time\" content=\"2026-03-25T12:26:00+00:00\" \/>\n<meta property=\"og:image\" content=\"https:\/\/yummypartybox.pl\/wp-content\/uploads\/2026\/03\/yummy-can-go_chia-z-mango_1-scaled.jpg\" \/>\n\t<meta property=\"og:image:width\" content=\"2560\" \/>\n\t<meta property=\"og:image:height\" content=\"2560\" \/>\n\t<meta property=\"og:image:type\" content=\"image\/jpeg\" \/>\n<meta name=\"twitter:card\" content=\"summary_large_image\" \/>\n<meta name=\"twitter:label1\" content=\"Est. reading time\" \/>\n\t<meta name=\"twitter:data1\" content=\"1 minute\" \/>\n<script type=\"application\/ld+json\" class=\"yoast-schema-graph\">{\"@context\":\"https:\/\/schema.org\",\"@graph\":[{\"@type\":\"WebPage\",\"@id\":\"https:\/\/yummypartybox.pl\/sklep\/chia-z-mango-yummy-can-go\/\",\"url\":\"https:\/\/yummypartybox.pl\/sklep\/chia-z-mango-yummy-can-go\/\",\"name\":\"Chia z mango - Yummy Can Go - Yummy Catering - Party Box\",\"isPartOf\":{\"@id\":\"https:\/\/yummypartybox.pl\/#website\"},\"primaryImageOfPage\":{\"@id\":\"https:\/\/yummypartybox.pl\/sklep\/chia-z-mango-yummy-can-go\/#primaryimage\"},\"image\":{\"@id\":\"https:\/\/yummypartybox.pl\/sklep\/chia-z-mango-yummy-can-go\/#primaryimage\"},\"thumbnailUrl\":\"https:\/\/yummypartybox.pl\/wp-content\/uploads\/2026\/03\/yummy-can-go_chia-z-mango_1-scaled.jpg\",\"datePublished\":\"2026-03-25T09:00:42+00:00\",\"dateModified\":\"2026-03-25T12:26:00+00:00\",\"breadcrumb\":{\"@id\":\"https:\/\/yummypartybox.pl\/sklep\/chia-z-mango-yummy-can-go\/#breadcrumb\"},\"inLanguage\":\"en-US\",\"potentialAction\":[{\"@type\":\"ReadAction\",\"target\":[\"https:\/\/yummypartybox.pl\/sklep\/chia-z-mango-yummy-can-go\/\"]}]},{\"@type\":\"ImageObject\",\"inLanguage\":\"en-US\",\"@id\":\"https:\/\/yummypartybox.pl\/sklep\/chia-z-mango-yummy-can-go\/#primaryimage\",\"url\":\"https:\/\/yummypartybox.pl\/wp-content\/uploads\/2026\/03\/yummy-can-go_chia-z-mango_1-scaled.jpg\",\"contentUrl\":\"https:\/\/yummypartybox.pl\/wp-content\/uploads\/2026\/03\/yummy-can-go_chia-z-mango_1-scaled.jpg\",\"width\":2560,\"height\":2560},{\"@type\":\"BreadcrumbList\",\"@id\":\"https:\/\/yummypartybox.pl\/sklep\/chia-z-mango-yummy-can-go\/#breadcrumb\",\"itemListElement\":[{\"@type\":\"ListItem\",\"position\":1,\"name\":\"Strona g\u0142\u00f3wna\",\"item\":\"https:\/\/yummypartybox.pl\/\"},{\"@type\":\"ListItem\",\"position\":2,\"name\":\"Sklep\",\"item\":\"https:\/\/yummypartybox.pl\/sklep\/\"},{\"@type\":\"ListItem\",\"position\":3,\"name\":\"Chia z mango &#8211; Yummy Can Go\"}]},{\"@type\":\"WebSite\",\"@id\":\"https:\/\/yummypartybox.pl\/#website\",\"url\":\"https:\/\/yummypartybox.pl\/\",\"name\":\"Yummy Catering - Party Box\",\"description\":\"Catering Box. \u015awie\u017ce produkty, pyszny smak, jako\u015b\u0107 to Yummy Party Box.\",\"publisher\":{\"@id\":\"https:\/\/yummypartybox.pl\/#organization\"},\"alternateName\":\"YUMMY CATERING\",\"potentialAction\":[{\"@type\":\"SearchAction\",\"target\":{\"@type\":\"EntryPoint\",\"urlTemplate\":\"https:\/\/yummypartybox.pl\/?s={search_term_string}\"},\"query-input\":{\"@type\":\"PropertyValueSpecification\",\"valueRequired\":true,\"valueName\":\"search_term_string\"}}],\"inLanguage\":\"en-US\"},{\"@type\":\"Organization\",\"@id\":\"https:\/\/yummypartybox.pl\/#organization\",\"name\":\"Yummy Catering - Party Box\",\"url\":\"https:\/\/yummypartybox.pl\/\",\"logo\":{\"@type\":\"ImageObject\",\"inLanguage\":\"en-US\",\"@id\":\"https:\/\/yummypartybox.pl\/#\/schema\/logo\/image\/\",\"url\":\"https:\/\/yummypartybox.pl\/wp-content\/uploads\/2022\/11\/logo-yummy-partybox.png\",\"contentUrl\":\"https:\/\/yummypartybox.pl\/wp-content\/uploads\/2022\/11\/logo-yummy-partybox.png\",\"width\":163,\"height\":163,\"caption\":\"Yummy Catering - Party Box\"},\"image\":{\"@id\":\"https:\/\/yummypartybox.pl\/#\/schema\/logo\/image\/\"}}]}<\/script>\n<!-- \/ Yoast SEO plugin. -->","yoast_head_json":{"title":"Chia z mango - Yummy Can Go - Yummy Catering - Party Box","robots":{"index":"index","follow":"follow","max-snippet":"max-snippet:-1","max-image-preview":"max-image-preview:large","max-video-preview":"max-video-preview:-1"},"canonical":"https:\/\/yummypartybox.pl\/sklep\/chia-z-mango-yummy-can-go\/","og_locale":"en_US","og_type":"article","og_title":"Chia z mango - Yummy Can Go - Yummy Catering - Party Box","og_description":"Minimalna ilo\u015b\u0107 zam\u00f3wienia: 3 sztuki","og_url":"https:\/\/yummypartybox.pl\/sklep\/chia-z-mango-yummy-can-go\/","og_site_name":"Yummy Catering - Party Box","article_modified_time":"2026-03-25T12:26:00+00:00","og_image":[{"width":2560,"height":2560,"url":"https:\/\/yummypartybox.pl\/wp-content\/uploads\/2026\/03\/yummy-can-go_chia-z-mango_1-scaled.jpg","type":"image\/jpeg"}],"twitter_card":"summary_large_image","twitter_misc":{"Est. reading time":"1 minute"},"schema":{"@context":"https:\/\/schema.org","@graph":[{"@type":"WebPage","@id":"https:\/\/yummypartybox.pl\/sklep\/chia-z-mango-yummy-can-go\/","url":"https:\/\/yummypartybox.pl\/sklep\/chia-z-mango-yummy-can-go\/","name":"Chia z mango - Yummy Can Go - Yummy Catering - Party Box","isPartOf":{"@id":"https:\/\/yummypartybox.pl\/#website"},"primaryImageOfPage":{"@id":"https:\/\/yummypartybox.pl\/sklep\/chia-z-mango-yummy-can-go\/#primaryimage"},"image":{"@id":"https:\/\/yummypartybox.pl\/sklep\/chia-z-mango-yummy-can-go\/#primaryimage"},"thumbnailUrl":"https:\/\/yummypartybox.pl\/wp-content\/uploads\/2026\/03\/yummy-can-go_chia-z-mango_1-scaled.jpg","datePublished":"2026-03-25T09:00:42+00:00","dateModified":"2026-03-25T12:26:00+00:00","breadcrumb":{"@id":"https:\/\/yummypartybox.pl\/sklep\/chia-z-mango-yummy-can-go\/#breadcrumb"},"inLanguage":"en-US","potentialAction":[{"@type":"ReadAction","target":["https:\/\/yummypartybox.pl\/sklep\/chia-z-mango-yummy-can-go\/"]}]},{"@type":"ImageObject","inLanguage":"en-US","@id":"https:\/\/yummypartybox.pl\/sklep\/chia-z-mango-yummy-can-go\/#primaryimage","url":"https:\/\/yummypartybox.pl\/wp-content\/uploads\/2026\/03\/yummy-can-go_chia-z-mango_1-scaled.jpg","contentUrl":"https:\/\/yummypartybox.pl\/wp-content\/uploads\/2026\/03\/yummy-can-go_chia-z-mango_1-scaled.jpg","width":2560,"height":2560},{"@type":"BreadcrumbList","@id":"https:\/\/yummypartybox.pl\/sklep\/chia-z-mango-yummy-can-go\/#breadcrumb","itemListElement":[{"@type":"ListItem","position":1,"name":"Strona g\u0142\u00f3wna","item":"https:\/\/yummypartybox.pl\/"},{"@type":"ListItem","position":2,"name":"Sklep","item":"https:\/\/yummypartybox.pl\/sklep\/"},{"@type":"ListItem","position":3,"name":"Chia z mango &#8211; Yummy Can Go"}]},{"@type":"WebSite","@id":"https:\/\/yummypartybox.pl\/#website","url":"https:\/\/yummypartybox.pl\/","name":"Yummy Catering - Party Box","description":"Catering Box. \u015awie\u017ce produkty, pyszny smak, jako\u015b\u0107 to Yummy Party Box.","publisher":{"@id":"https:\/\/yummypartybox.pl\/#organization"},"alternateName":"YUMMY CATERING","potentialAction":[{"@type":"SearchAction","target":{"@type":"EntryPoint","urlTemplate":"https:\/\/yummypartybox.pl\/?s={search_term_string}"},"query-input":{"@type":"PropertyValueSpecification","valueRequired":true,"valueName":"search_term_string"}}],"inLanguage":"en-US"},{"@type":"Organization","@id":"https:\/\/yummypartybox.pl\/#organization","name":"Yummy Catering - Party Box","url":"https:\/\/yummypartybox.pl\/","logo":{"@type":"ImageObject","inLanguage":"en-US","@id":"https:\/\/yummypartybox.pl\/#\/schema\/logo\/image\/","url":"https:\/\/yummypartybox.pl\/wp-content\/uploads\/2022\/11\/logo-yummy-partybox.png","contentUrl":"https:\/\/yummypartybox.pl\/wp-content\/uploads\/2022\/11\/logo-yummy-partybox.png","width":163,"height":163,"caption":"Yummy Catering - Party Box"},"image":{"@id":"https:\/\/yummypartybox.pl\/#\/schema\/logo\/image\/"}}]}},"_links":{"self":[{"href":"https:\/\/yummypartybox.pl\/en\/wp-json\/wp\/v2\/product\/30007","targetHints":{"allow":["GET"]}}],"collection":[{"href":"https:\/\/yummypartybox.pl\/en\/wp-json\/wp\/v2\/product"}],"about":[{"href":"https:\/\/yummypartybox.pl\/en\/wp-json\/wp\/v2\/types\/product"}],"version-history":[{"count":2,"href":"https:\/\/yummypartybox.pl\/en\/wp-json\/wp\/v2\/product\/30007\/revisions"}],"predecessor-version":[{"id":30085,"href":"https:\/\/yummypartybox.pl\/en\/wp-json\/wp\/v2\/product\/30007\/revisions\/30085"}],"wp:featuredmedia":[{"embeddable":true,"href":"https:\/\/yummypartybox.pl\/en\/wp-json\/wp\/v2\/media\/30010"}],"wp:attachment":[{"href":"https:\/\/yummypartybox.pl\/en\/wp-json\/wp\/v2\/media?parent=30007"}],"wp:term":[{"taxonomy":"product_brand","embeddable":true,"href":"https:\/\/yummypartybox.pl\/en\/wp-json\/wp\/v2\/product_brand?post=30007"},{"taxonomy":"product_cat","embeddable":true,"href":"https:\/\/yummypartybox.pl\/en\/wp-json\/wp\/v2\/product_cat?post=30007"},{"taxonomy":"product_tag","embeddable":true,"href":"https:\/\/yummypartybox.pl\/en\/wp-json\/wp\/v2\/product_tag?post=30007"}],"curies":[{"name":"wp","href":"https:\/\/api.w.org\/{rel}","templated":true}]}}