{"id":29981,"date":"2026-03-25T10:00:41","date_gmt":"2026-03-25T09:00:41","guid":{"rendered":"https:\/\/yummypartybox.pl\/?post_type=product&#038;p=29981"},"modified":"2026-03-25T13:26:00","modified_gmt":"2026-03-25T12:26:00","slug":"owsianka-orzech-malina-yummy-can-go","status":"publish","type":"product","link":"https:\/\/yummypartybox.pl\/en\/sklep\/owsianka-orzech-malina-yummy-can-go\/","title":{"rendered":"Owsianka orzech &#8211; malina Yummy Can Go"},"content":{"rendered":"<p><strong>Owsianka orzech &#8211; malina Yummy Can Go <\/strong>to idealne rozwi\u0105zanie dla os\u00f3b, kt\u00f3re szukaj\u0105 zdrowego i wygodnego \u015bniadania na wynos. Kremowa owsianka przygotowywana metod\u0105 \u201eovernight\u201d zamkni\u0119ta w por\u0119cznej puszce &#8211; mo\u017cesz zabra\u0107 j\u0105 ze sob\u0105 i zje\u015b\u0107 gdziekolwiek chcesz.<\/p>\n<p data-start=\"269\" data-end=\"559\">To po\u017cywne i zbilansowane \u015bniadanie \u0142\u0105czy w sobie p\u0142atki owsiane, mleko kokosowe i jogurt skyr, wzbogacone o \u015bwie\u017ce maliny, mas\u0142o orzechowe, migda\u0142y oraz nut\u0119 mi\u0119ty. Naturalna s\u0142odycz miodu i aromat kokosa sprawiaj\u0105, \u017ce to nie tylko zdrowa, ale te\u017c wyj\u0105tkowo smaczna opcja na pocz\u0105tek dnia.<\/p>\n<p data-start=\"561\" data-end=\"686\"><strong data-start=\"561\" data-end=\"595\">Owsianka orzech &#8211; malina<\/strong>\u00a0<strong>Yummy Can Go <\/strong>to szybkie \u015bniadanie do pracy, szko\u0142y lub w podr\u00f3\u017cy &#8211; gotowe od razu, bez przygotowania.<\/p>\n<p data-start=\"688\" data-end=\"823\" data-is-last-node=\"\" data-is-only-node=\"\"><strong data-start=\"688\" data-end=\"698\">Sk\u0142ad:<\/strong><\/p>\n<ul>\n<li>p\u0142atki owsiane<\/li>\n<li>wi\u00f3rki kokosowe<\/li>\n<li>mleko kokosowe<\/li>\n<li>\u015bwie\u017ce maliny<\/li>\n<li>mi\u0119ta<\/li>\n<li>mas\u0142o orzechowe<\/li>\n<li>migda\u0142y (p\u0142atki)<\/li>\n<li>jogurt skyr<\/li>\n<li>mi\u00f3d<\/li>\n<\/ul>\n<p>&nbsp;<\/p>\n<p>Masa netto: 250 g<\/p>\n<p><strong>Termin przydatno\u015bci:<\/strong>\u00a0do 3 dni od daty produkcji.<\/p>\n","protected":false},"excerpt":{"rendered":"<p>Minimalna ilo\u015b\u0107 zam\u00f3wienia: 3 sztuki<\/p>\n","protected":false},"featured_media":30028,"template":"","meta":{"_acf_changed":false},"product_brand":[],"product_cat":[123,122],"product_tag":[],"class_list":{"0":"post-29981","1":"product","2":"type-product","3":"status-publish","4":"has-post-thumbnail","6":"product_cat-puszki","7":"product_cat-can-go","8":"tm-no-options","10":"first","11":"instock","12":"taxable","13":"shipping-taxable","14":"purchasable","15":"product-type-simple"},"acf":[],"yoast_head":"<!-- This site is optimized with the Yoast SEO plugin v26.3 - https:\/\/yoast.com\/wordpress\/plugins\/seo\/ -->\n<title>Owsianka orzech - malina Yummy Can Go - Yummy Catering - Party Box<\/title>\n<meta name=\"robots\" content=\"index, follow, max-snippet:-1, max-image-preview:large, max-video-preview:-1\" \/>\n<link rel=\"canonical\" href=\"https:\/\/yummypartybox.pl\/sklep\/owsianka-orzech-malina-yummy-can-go\/\" \/>\n<meta property=\"og:locale\" content=\"en_US\" \/>\n<meta property=\"og:type\" content=\"article\" \/>\n<meta property=\"og:title\" content=\"Owsianka orzech - malina Yummy Can Go - Yummy Catering - Party Box\" \/>\n<meta property=\"og:description\" content=\"Minimalna ilo\u015b\u0107 zam\u00f3wienia: 3 sztuki\" \/>\n<meta property=\"og:url\" content=\"https:\/\/yummypartybox.pl\/sklep\/owsianka-orzech-malina-yummy-can-go\/\" \/>\n<meta property=\"og:site_name\" content=\"Yummy Catering - Party Box\" \/>\n<meta property=\"article:modified_time\" content=\"2026-03-25T12:26:00+00:00\" \/>\n<meta property=\"og:image\" content=\"https:\/\/yummypartybox.pl\/wp-content\/uploads\/2026\/03\/yummy-can-go_owsianka-orzech_malina1-scaled.jpg\" \/>\n\t<meta property=\"og:image:width\" content=\"2249\" \/>\n\t<meta property=\"og:image:height\" content=\"2560\" \/>\n\t<meta property=\"og:image:type\" content=\"image\/jpeg\" \/>\n<meta name=\"twitter:card\" content=\"summary_large_image\" \/>\n<meta name=\"twitter:label1\" content=\"Est. reading time\" \/>\n\t<meta name=\"twitter:data1\" content=\"1 minute\" \/>\n<script type=\"application\/ld+json\" class=\"yoast-schema-graph\">{\"@context\":\"https:\/\/schema.org\",\"@graph\":[{\"@type\":\"WebPage\",\"@id\":\"https:\/\/yummypartybox.pl\/sklep\/owsianka-orzech-malina-yummy-can-go\/\",\"url\":\"https:\/\/yummypartybox.pl\/sklep\/owsianka-orzech-malina-yummy-can-go\/\",\"name\":\"Owsianka orzech - malina Yummy Can Go - Yummy Catering - Party Box\",\"isPartOf\":{\"@id\":\"https:\/\/yummypartybox.pl\/#website\"},\"primaryImageOfPage\":{\"@id\":\"https:\/\/yummypartybox.pl\/sklep\/owsianka-orzech-malina-yummy-can-go\/#primaryimage\"},\"image\":{\"@id\":\"https:\/\/yummypartybox.pl\/sklep\/owsianka-orzech-malina-yummy-can-go\/#primaryimage\"},\"thumbnailUrl\":\"https:\/\/yummypartybox.pl\/wp-content\/uploads\/2026\/03\/yummy-can-go_owsianka-orzech_malina1-scaled.jpg\",\"datePublished\":\"2026-03-25T09:00:41+00:00\",\"dateModified\":\"2026-03-25T12:26:00+00:00\",\"breadcrumb\":{\"@id\":\"https:\/\/yummypartybox.pl\/sklep\/owsianka-orzech-malina-yummy-can-go\/#breadcrumb\"},\"inLanguage\":\"en-US\",\"potentialAction\":[{\"@type\":\"ReadAction\",\"target\":[\"https:\/\/yummypartybox.pl\/sklep\/owsianka-orzech-malina-yummy-can-go\/\"]}]},{\"@type\":\"ImageObject\",\"inLanguage\":\"en-US\",\"@id\":\"https:\/\/yummypartybox.pl\/sklep\/owsianka-orzech-malina-yummy-can-go\/#primaryimage\",\"url\":\"https:\/\/yummypartybox.pl\/wp-content\/uploads\/2026\/03\/yummy-can-go_owsianka-orzech_malina1-scaled.jpg\",\"contentUrl\":\"https:\/\/yummypartybox.pl\/wp-content\/uploads\/2026\/03\/yummy-can-go_owsianka-orzech_malina1-scaled.jpg\",\"width\":2249,\"height\":2560},{\"@type\":\"BreadcrumbList\",\"@id\":\"https:\/\/yummypartybox.pl\/sklep\/owsianka-orzech-malina-yummy-can-go\/#breadcrumb\",\"itemListElement\":[{\"@type\":\"ListItem\",\"position\":1,\"name\":\"Strona g\u0142\u00f3wna\",\"item\":\"https:\/\/yummypartybox.pl\/\"},{\"@type\":\"ListItem\",\"position\":2,\"name\":\"Sklep\",\"item\":\"https:\/\/yummypartybox.pl\/sklep\/\"},{\"@type\":\"ListItem\",\"position\":3,\"name\":\"Owsianka orzech &#8211; malina Yummy Can Go\"}]},{\"@type\":\"WebSite\",\"@id\":\"https:\/\/yummypartybox.pl\/#website\",\"url\":\"https:\/\/yummypartybox.pl\/\",\"name\":\"Yummy Catering - Party Box\",\"description\":\"Catering Box. \u015awie\u017ce produkty, pyszny smak, jako\u015b\u0107 to Yummy Party Box.\",\"publisher\":{\"@id\":\"https:\/\/yummypartybox.pl\/#organization\"},\"alternateName\":\"YUMMY CATERING\",\"potentialAction\":[{\"@type\":\"SearchAction\",\"target\":{\"@type\":\"EntryPoint\",\"urlTemplate\":\"https:\/\/yummypartybox.pl\/?s={search_term_string}\"},\"query-input\":{\"@type\":\"PropertyValueSpecification\",\"valueRequired\":true,\"valueName\":\"search_term_string\"}}],\"inLanguage\":\"en-US\"},{\"@type\":\"Organization\",\"@id\":\"https:\/\/yummypartybox.pl\/#organization\",\"name\":\"Yummy Catering - Party Box\",\"url\":\"https:\/\/yummypartybox.pl\/\",\"logo\":{\"@type\":\"ImageObject\",\"inLanguage\":\"en-US\",\"@id\":\"https:\/\/yummypartybox.pl\/#\/schema\/logo\/image\/\",\"url\":\"https:\/\/yummypartybox.pl\/wp-content\/uploads\/2022\/11\/logo-yummy-partybox.png\",\"contentUrl\":\"https:\/\/yummypartybox.pl\/wp-content\/uploads\/2022\/11\/logo-yummy-partybox.png\",\"width\":163,\"height\":163,\"caption\":\"Yummy Catering - Party Box\"},\"image\":{\"@id\":\"https:\/\/yummypartybox.pl\/#\/schema\/logo\/image\/\"}}]}<\/script>\n<!-- \/ Yoast SEO plugin. -->","yoast_head_json":{"title":"Owsianka orzech - malina Yummy Can Go - Yummy Catering - Party Box","robots":{"index":"index","follow":"follow","max-snippet":"max-snippet:-1","max-image-preview":"max-image-preview:large","max-video-preview":"max-video-preview:-1"},"canonical":"https:\/\/yummypartybox.pl\/sklep\/owsianka-orzech-malina-yummy-can-go\/","og_locale":"en_US","og_type":"article","og_title":"Owsianka orzech - malina Yummy Can Go - Yummy Catering - Party Box","og_description":"Minimalna ilo\u015b\u0107 zam\u00f3wienia: 3 sztuki","og_url":"https:\/\/yummypartybox.pl\/sklep\/owsianka-orzech-malina-yummy-can-go\/","og_site_name":"Yummy Catering - Party Box","article_modified_time":"2026-03-25T12:26:00+00:00","og_image":[{"width":2249,"height":2560,"url":"https:\/\/yummypartybox.pl\/wp-content\/uploads\/2026\/03\/yummy-can-go_owsianka-orzech_malina1-scaled.jpg","type":"image\/jpeg"}],"twitter_card":"summary_large_image","twitter_misc":{"Est. reading time":"1 minute"},"schema":{"@context":"https:\/\/schema.org","@graph":[{"@type":"WebPage","@id":"https:\/\/yummypartybox.pl\/sklep\/owsianka-orzech-malina-yummy-can-go\/","url":"https:\/\/yummypartybox.pl\/sklep\/owsianka-orzech-malina-yummy-can-go\/","name":"Owsianka orzech - malina Yummy Can Go - Yummy Catering - Party Box","isPartOf":{"@id":"https:\/\/yummypartybox.pl\/#website"},"primaryImageOfPage":{"@id":"https:\/\/yummypartybox.pl\/sklep\/owsianka-orzech-malina-yummy-can-go\/#primaryimage"},"image":{"@id":"https:\/\/yummypartybox.pl\/sklep\/owsianka-orzech-malina-yummy-can-go\/#primaryimage"},"thumbnailUrl":"https:\/\/yummypartybox.pl\/wp-content\/uploads\/2026\/03\/yummy-can-go_owsianka-orzech_malina1-scaled.jpg","datePublished":"2026-03-25T09:00:41+00:00","dateModified":"2026-03-25T12:26:00+00:00","breadcrumb":{"@id":"https:\/\/yummypartybox.pl\/sklep\/owsianka-orzech-malina-yummy-can-go\/#breadcrumb"},"inLanguage":"en-US","potentialAction":[{"@type":"ReadAction","target":["https:\/\/yummypartybox.pl\/sklep\/owsianka-orzech-malina-yummy-can-go\/"]}]},{"@type":"ImageObject","inLanguage":"en-US","@id":"https:\/\/yummypartybox.pl\/sklep\/owsianka-orzech-malina-yummy-can-go\/#primaryimage","url":"https:\/\/yummypartybox.pl\/wp-content\/uploads\/2026\/03\/yummy-can-go_owsianka-orzech_malina1-scaled.jpg","contentUrl":"https:\/\/yummypartybox.pl\/wp-content\/uploads\/2026\/03\/yummy-can-go_owsianka-orzech_malina1-scaled.jpg","width":2249,"height":2560},{"@type":"BreadcrumbList","@id":"https:\/\/yummypartybox.pl\/sklep\/owsianka-orzech-malina-yummy-can-go\/#breadcrumb","itemListElement":[{"@type":"ListItem","position":1,"name":"Strona g\u0142\u00f3wna","item":"https:\/\/yummypartybox.pl\/"},{"@type":"ListItem","position":2,"name":"Sklep","item":"https:\/\/yummypartybox.pl\/sklep\/"},{"@type":"ListItem","position":3,"name":"Owsianka orzech &#8211; malina Yummy Can Go"}]},{"@type":"WebSite","@id":"https:\/\/yummypartybox.pl\/#website","url":"https:\/\/yummypartybox.pl\/","name":"Yummy Catering - Party Box","description":"Catering Box. \u015awie\u017ce produkty, pyszny smak, jako\u015b\u0107 to Yummy Party Box.","publisher":{"@id":"https:\/\/yummypartybox.pl\/#organization"},"alternateName":"YUMMY CATERING","potentialAction":[{"@type":"SearchAction","target":{"@type":"EntryPoint","urlTemplate":"https:\/\/yummypartybox.pl\/?s={search_term_string}"},"query-input":{"@type":"PropertyValueSpecification","valueRequired":true,"valueName":"search_term_string"}}],"inLanguage":"en-US"},{"@type":"Organization","@id":"https:\/\/yummypartybox.pl\/#organization","name":"Yummy Catering - Party Box","url":"https:\/\/yummypartybox.pl\/","logo":{"@type":"ImageObject","inLanguage":"en-US","@id":"https:\/\/yummypartybox.pl\/#\/schema\/logo\/image\/","url":"https:\/\/yummypartybox.pl\/wp-content\/uploads\/2022\/11\/logo-yummy-partybox.png","contentUrl":"https:\/\/yummypartybox.pl\/wp-content\/uploads\/2022\/11\/logo-yummy-partybox.png","width":163,"height":163,"caption":"Yummy Catering - Party Box"},"image":{"@id":"https:\/\/yummypartybox.pl\/#\/schema\/logo\/image\/"}}]}},"_links":{"self":[{"href":"https:\/\/yummypartybox.pl\/en\/wp-json\/wp\/v2\/product\/29981","targetHints":{"allow":["GET"]}}],"collection":[{"href":"https:\/\/yummypartybox.pl\/en\/wp-json\/wp\/v2\/product"}],"about":[{"href":"https:\/\/yummypartybox.pl\/en\/wp-json\/wp\/v2\/types\/product"}],"version-history":[{"count":2,"href":"https:\/\/yummypartybox.pl\/en\/wp-json\/wp\/v2\/product\/29981\/revisions"}],"predecessor-version":[{"id":30086,"href":"https:\/\/yummypartybox.pl\/en\/wp-json\/wp\/v2\/product\/29981\/revisions\/30086"}],"wp:featuredmedia":[{"embeddable":true,"href":"https:\/\/yummypartybox.pl\/en\/wp-json\/wp\/v2\/media\/30028"}],"wp:attachment":[{"href":"https:\/\/yummypartybox.pl\/en\/wp-json\/wp\/v2\/media?parent=29981"}],"wp:term":[{"taxonomy":"product_brand","embeddable":true,"href":"https:\/\/yummypartybox.pl\/en\/wp-json\/wp\/v2\/product_brand?post=29981"},{"taxonomy":"product_cat","embeddable":true,"href":"https:\/\/yummypartybox.pl\/en\/wp-json\/wp\/v2\/product_cat?post=29981"},{"taxonomy":"product_tag","embeddable":true,"href":"https:\/\/yummypartybox.pl\/en\/wp-json\/wp\/v2\/product_tag?post=29981"}],"curies":[{"name":"wp","href":"https:\/\/api.w.org\/{rel}","templated":true}]}}