{"id":29861,"date":"2026-03-20T10:56:44","date_gmt":"2026-03-20T09:56:44","guid":{"rendered":"https:\/\/yummypartybox.pl\/?post_type=product&#038;p=29861"},"modified":"2026-03-20T16:13:44","modified_gmt":"2026-03-20T15:13:44","slug":"healthy-breakfast-box","status":"publish","type":"product","link":"https:\/\/yummypartybox.pl\/en\/sklep\/healthy-breakfast-box\/","title":{"rendered":"Healthy Breakfast Box"},"content":{"rendered":"<p><strong>W sk\u0142ad boxa wchodz\u0105:<\/strong><strong><br \/>\n<\/strong>\u2022 Wrap z awokado \u2013 pasta z serka z koperkiem i szczypiorkiem, jajko sadzone, awokado, og\u00f3rek, szpinak baby, sos jogurtowo-szczypiorkowy<br \/>\n\u2022 Sandwich na pieczywie pe\u0142noziarnistym z twaro\u017ckiem, rzodkiewk\u0105 i szczypiorkiem<br \/>\n\u2022 Puszyste syrniki z konfitur\u0105 malinow\u0105 i skyrem waniliowym<br \/>\n\u2022 Owsianka z pra\u017conymi migda\u0142ami<br \/>\n\u2022 S\u0142upki \u015bwie\u017cych warzyw<br \/>\n\u2022 Sezonowe owoce<\/p>\n<p>Postaw na zdrowy pocz\u0105tek dnia &#8211; smacznie, lekko i bez wysi\u0142ku!<\/p>\n","protected":false},"excerpt":{"rendered":"<p>Zdrowe, \u015bwie\u017ce i syc\u0105ce \u015bniadanie w wygodnej formie &#8211; idealne do domu, pracy lub na spotkanie. <strong>Healthy Breakfast Box<\/strong> to zbilansowany zestaw pe\u0142en warto\u015bciowych sk\u0142adnik\u00f3w.<\/p>\n","protected":false},"featured_media":29862,"template":"","meta":{"_acf_changed":false},"product_brand":[],"product_cat":[109,20,121],"product_tag":[],"class_list":{"0":"post-29861","1":"product","2":"type-product","3":"status-publish","4":"has-post-thumbnail","6":"product_cat-boxy-sniadaniowe","7":"product_cat-boxy-wytrawnie","8":"product_cat-linia-healthy","9":"tm-no-options","11":"first","12":"instock","13":"taxable","14":"shipping-taxable","15":"purchasable","16":"product-type-variable"},"acf":[],"yoast_head":"<!-- This site is optimized with the Yoast SEO plugin v26.3 - https:\/\/yoast.com\/wordpress\/plugins\/seo\/ -->\n<title>Healthy Breakfast Box - Yummy Catering - Party Box<\/title>\n<meta name=\"robots\" content=\"index, follow, max-snippet:-1, max-image-preview:large, max-video-preview:-1\" \/>\n<link rel=\"canonical\" href=\"https:\/\/yummypartybox.pl\/sklep\/healthy-breakfast-box\/\" \/>\n<meta property=\"og:locale\" content=\"en_US\" \/>\n<meta property=\"og:type\" content=\"article\" \/>\n<meta property=\"og:title\" content=\"Healthy Breakfast Box - Yummy Catering - Party Box\" \/>\n<meta property=\"og:description\" content=\"Zdrowe, \u015bwie\u017ce i syc\u0105ce \u015bniadanie w wygodnej formie - idealne do domu, pracy lub na spotkanie. Healthy Breakfast Box to zbilansowany zestaw pe\u0142en warto\u015bciowych sk\u0142adnik\u00f3w.\" \/>\n<meta property=\"og:url\" content=\"https:\/\/yummypartybox.pl\/sklep\/healthy-breakfast-box\/\" \/>\n<meta property=\"og:site_name\" content=\"Yummy Catering - Party Box\" \/>\n<meta property=\"article:modified_time\" content=\"2026-03-20T15:13:44+00:00\" \/>\n<meta property=\"og:image\" content=\"https:\/\/yummypartybox.pl\/wp-content\/uploads\/2026\/03\/Healthy-Breakfast-Box-podest.png\" \/>\n\t<meta property=\"og:image:width\" content=\"600\" \/>\n\t<meta property=\"og:image:height\" content=\"600\" \/>\n\t<meta property=\"og:image:type\" content=\"image\/png\" \/>\n<meta name=\"twitter:card\" content=\"summary_large_image\" \/>\n<meta name=\"twitter:label1\" content=\"Est. reading time\" \/>\n\t<meta name=\"twitter:data1\" content=\"1 minute\" \/>\n<script type=\"application\/ld+json\" class=\"yoast-schema-graph\">{\"@context\":\"https:\/\/schema.org\",\"@graph\":[{\"@type\":\"WebPage\",\"@id\":\"https:\/\/yummypartybox.pl\/sklep\/healthy-breakfast-box\/\",\"url\":\"https:\/\/yummypartybox.pl\/sklep\/healthy-breakfast-box\/\",\"name\":\"Healthy Breakfast Box - Yummy Catering - Party Box\",\"isPartOf\":{\"@id\":\"https:\/\/yummypartybox.pl\/#website\"},\"primaryImageOfPage\":{\"@id\":\"https:\/\/yummypartybox.pl\/sklep\/healthy-breakfast-box\/#primaryimage\"},\"image\":{\"@id\":\"https:\/\/yummypartybox.pl\/sklep\/healthy-breakfast-box\/#primaryimage\"},\"thumbnailUrl\":\"https:\/\/yummypartybox.pl\/wp-content\/uploads\/2026\/03\/Healthy-Breakfast-Box-podest.png\",\"datePublished\":\"2026-03-20T09:56:44+00:00\",\"dateModified\":\"2026-03-20T15:13:44+00:00\",\"breadcrumb\":{\"@id\":\"https:\/\/yummypartybox.pl\/sklep\/healthy-breakfast-box\/#breadcrumb\"},\"inLanguage\":\"en-US\",\"potentialAction\":[{\"@type\":\"ReadAction\",\"target\":[\"https:\/\/yummypartybox.pl\/sklep\/healthy-breakfast-box\/\"]}]},{\"@type\":\"ImageObject\",\"inLanguage\":\"en-US\",\"@id\":\"https:\/\/yummypartybox.pl\/sklep\/healthy-breakfast-box\/#primaryimage\",\"url\":\"https:\/\/yummypartybox.pl\/wp-content\/uploads\/2026\/03\/Healthy-Breakfast-Box-podest.png\",\"contentUrl\":\"https:\/\/yummypartybox.pl\/wp-content\/uploads\/2026\/03\/Healthy-Breakfast-Box-podest.png\",\"width\":600,\"height\":600},{\"@type\":\"BreadcrumbList\",\"@id\":\"https:\/\/yummypartybox.pl\/sklep\/healthy-breakfast-box\/#breadcrumb\",\"itemListElement\":[{\"@type\":\"ListItem\",\"position\":1,\"name\":\"Strona g\u0142\u00f3wna\",\"item\":\"https:\/\/yummypartybox.pl\/\"},{\"@type\":\"ListItem\",\"position\":2,\"name\":\"Sklep\",\"item\":\"https:\/\/yummypartybox.pl\/sklep\/\"},{\"@type\":\"ListItem\",\"position\":3,\"name\":\"Healthy Breakfast Box\"}]},{\"@type\":\"WebSite\",\"@id\":\"https:\/\/yummypartybox.pl\/#website\",\"url\":\"https:\/\/yummypartybox.pl\/\",\"name\":\"Yummy Catering - Party Box\",\"description\":\"Catering Box. \u015awie\u017ce produkty, pyszny smak, jako\u015b\u0107 to Yummy Party Box.\",\"publisher\":{\"@id\":\"https:\/\/yummypartybox.pl\/#organization\"},\"alternateName\":\"YUMMY CATERING\",\"potentialAction\":[{\"@type\":\"SearchAction\",\"target\":{\"@type\":\"EntryPoint\",\"urlTemplate\":\"https:\/\/yummypartybox.pl\/?s={search_term_string}\"},\"query-input\":{\"@type\":\"PropertyValueSpecification\",\"valueRequired\":true,\"valueName\":\"search_term_string\"}}],\"inLanguage\":\"en-US\"},{\"@type\":\"Organization\",\"@id\":\"https:\/\/yummypartybox.pl\/#organization\",\"name\":\"Yummy Catering - Party Box\",\"url\":\"https:\/\/yummypartybox.pl\/\",\"logo\":{\"@type\":\"ImageObject\",\"inLanguage\":\"en-US\",\"@id\":\"https:\/\/yummypartybox.pl\/#\/schema\/logo\/image\/\",\"url\":\"https:\/\/yummypartybox.pl\/wp-content\/uploads\/2022\/11\/logo-yummy-partybox.png\",\"contentUrl\":\"https:\/\/yummypartybox.pl\/wp-content\/uploads\/2022\/11\/logo-yummy-partybox.png\",\"width\":163,\"height\":163,\"caption\":\"Yummy Catering - Party Box\"},\"image\":{\"@id\":\"https:\/\/yummypartybox.pl\/#\/schema\/logo\/image\/\"}}]}<\/script>\n<!-- \/ Yoast SEO plugin. -->","yoast_head_json":{"title":"Healthy Breakfast Box - Yummy Catering - Party Box","robots":{"index":"index","follow":"follow","max-snippet":"max-snippet:-1","max-image-preview":"max-image-preview:large","max-video-preview":"max-video-preview:-1"},"canonical":"https:\/\/yummypartybox.pl\/sklep\/healthy-breakfast-box\/","og_locale":"en_US","og_type":"article","og_title":"Healthy Breakfast Box - Yummy Catering - Party Box","og_description":"Zdrowe, \u015bwie\u017ce i syc\u0105ce \u015bniadanie w wygodnej formie - idealne do domu, pracy lub na spotkanie. Healthy Breakfast Box to zbilansowany zestaw pe\u0142en warto\u015bciowych sk\u0142adnik\u00f3w.","og_url":"https:\/\/yummypartybox.pl\/sklep\/healthy-breakfast-box\/","og_site_name":"Yummy Catering - Party Box","article_modified_time":"2026-03-20T15:13:44+00:00","og_image":[{"width":600,"height":600,"url":"https:\/\/yummypartybox.pl\/wp-content\/uploads\/2026\/03\/Healthy-Breakfast-Box-podest.png","type":"image\/png"}],"twitter_card":"summary_large_image","twitter_misc":{"Est. reading time":"1 minute"},"schema":{"@context":"https:\/\/schema.org","@graph":[{"@type":"WebPage","@id":"https:\/\/yummypartybox.pl\/sklep\/healthy-breakfast-box\/","url":"https:\/\/yummypartybox.pl\/sklep\/healthy-breakfast-box\/","name":"Healthy Breakfast Box - Yummy Catering - Party Box","isPartOf":{"@id":"https:\/\/yummypartybox.pl\/#website"},"primaryImageOfPage":{"@id":"https:\/\/yummypartybox.pl\/sklep\/healthy-breakfast-box\/#primaryimage"},"image":{"@id":"https:\/\/yummypartybox.pl\/sklep\/healthy-breakfast-box\/#primaryimage"},"thumbnailUrl":"https:\/\/yummypartybox.pl\/wp-content\/uploads\/2026\/03\/Healthy-Breakfast-Box-podest.png","datePublished":"2026-03-20T09:56:44+00:00","dateModified":"2026-03-20T15:13:44+00:00","breadcrumb":{"@id":"https:\/\/yummypartybox.pl\/sklep\/healthy-breakfast-box\/#breadcrumb"},"inLanguage":"en-US","potentialAction":[{"@type":"ReadAction","target":["https:\/\/yummypartybox.pl\/sklep\/healthy-breakfast-box\/"]}]},{"@type":"ImageObject","inLanguage":"en-US","@id":"https:\/\/yummypartybox.pl\/sklep\/healthy-breakfast-box\/#primaryimage","url":"https:\/\/yummypartybox.pl\/wp-content\/uploads\/2026\/03\/Healthy-Breakfast-Box-podest.png","contentUrl":"https:\/\/yummypartybox.pl\/wp-content\/uploads\/2026\/03\/Healthy-Breakfast-Box-podest.png","width":600,"height":600},{"@type":"BreadcrumbList","@id":"https:\/\/yummypartybox.pl\/sklep\/healthy-breakfast-box\/#breadcrumb","itemListElement":[{"@type":"ListItem","position":1,"name":"Strona g\u0142\u00f3wna","item":"https:\/\/yummypartybox.pl\/"},{"@type":"ListItem","position":2,"name":"Sklep","item":"https:\/\/yummypartybox.pl\/sklep\/"},{"@type":"ListItem","position":3,"name":"Healthy Breakfast Box"}]},{"@type":"WebSite","@id":"https:\/\/yummypartybox.pl\/#website","url":"https:\/\/yummypartybox.pl\/","name":"Yummy Catering - Party Box","description":"Catering Box. \u015awie\u017ce produkty, pyszny smak, jako\u015b\u0107 to Yummy Party Box.","publisher":{"@id":"https:\/\/yummypartybox.pl\/#organization"},"alternateName":"YUMMY CATERING","potentialAction":[{"@type":"SearchAction","target":{"@type":"EntryPoint","urlTemplate":"https:\/\/yummypartybox.pl\/?s={search_term_string}"},"query-input":{"@type":"PropertyValueSpecification","valueRequired":true,"valueName":"search_term_string"}}],"inLanguage":"en-US"},{"@type":"Organization","@id":"https:\/\/yummypartybox.pl\/#organization","name":"Yummy Catering - Party Box","url":"https:\/\/yummypartybox.pl\/","logo":{"@type":"ImageObject","inLanguage":"en-US","@id":"https:\/\/yummypartybox.pl\/#\/schema\/logo\/image\/","url":"https:\/\/yummypartybox.pl\/wp-content\/uploads\/2022\/11\/logo-yummy-partybox.png","contentUrl":"https:\/\/yummypartybox.pl\/wp-content\/uploads\/2022\/11\/logo-yummy-partybox.png","width":163,"height":163,"caption":"Yummy Catering - Party Box"},"image":{"@id":"https:\/\/yummypartybox.pl\/#\/schema\/logo\/image\/"}}]}},"_links":{"self":[{"href":"https:\/\/yummypartybox.pl\/en\/wp-json\/wp\/v2\/product\/29861","targetHints":{"allow":["GET"]}}],"collection":[{"href":"https:\/\/yummypartybox.pl\/en\/wp-json\/wp\/v2\/product"}],"about":[{"href":"https:\/\/yummypartybox.pl\/en\/wp-json\/wp\/v2\/types\/product"}],"version-history":[{"count":1,"href":"https:\/\/yummypartybox.pl\/en\/wp-json\/wp\/v2\/product\/29861\/revisions"}],"predecessor-version":[{"id":29874,"href":"https:\/\/yummypartybox.pl\/en\/wp-json\/wp\/v2\/product\/29861\/revisions\/29874"}],"wp:featuredmedia":[{"embeddable":true,"href":"https:\/\/yummypartybox.pl\/en\/wp-json\/wp\/v2\/media\/29862"}],"wp:attachment":[{"href":"https:\/\/yummypartybox.pl\/en\/wp-json\/wp\/v2\/media?parent=29861"}],"wp:term":[{"taxonomy":"product_brand","embeddable":true,"href":"https:\/\/yummypartybox.pl\/en\/wp-json\/wp\/v2\/product_brand?post=29861"},{"taxonomy":"product_cat","embeddable":true,"href":"https:\/\/yummypartybox.pl\/en\/wp-json\/wp\/v2\/product_cat?post=29861"},{"taxonomy":"product_tag","embeddable":true,"href":"https:\/\/yummypartybox.pl\/en\/wp-json\/wp\/v2\/product_tag?post=29861"}],"curies":[{"name":"wp","href":"https:\/\/api.w.org\/{rel}","templated":true}]}}