{"id":29670,"date":"2026-03-10T09:39:56","date_gmt":"2026-03-10T08:39:56","guid":{"rendered":"https:\/\/yummypartybox.pl\/?post_type=product&#038;p=29670"},"modified":"2026-04-01T09:33:49","modified_gmt":"2026-04-01T07:33:49","slug":"box-wielkanocnych-slodkosci","status":"publish","type":"product","link":"https:\/\/yummypartybox.pl\/en\/sklep\/box-wielkanocnych-slodkosci\/","title":{"rendered":"Box Wielkanocnych S\u0142odko\u015bci"},"content":{"rendered":"<p>Box Wielkanocnych S\u0142odko\u015bci to wyj\u0105tkowy zestaw tradycyjnych wypiek\u00f3w, kt\u00f3re idealnie dope\u0142ni\u0105 \u015bwi\u0105teczny st\u00f3\u0142. W boxie znajdziesz najpopularniejsze ciasta wielkanocne, przygotowane wed\u0142ug sprawdzonych receptur i z wysokiej jako\u015bci sk\u0142adnik\u00f3w. To doskona\u0142e rozwi\u0105zanie dla os\u00f3b, kt\u00f3re chc\u0105 cieszy\u0107 si\u0119 klasycznymi smakami \u015awi\u0105t Wielkanocnych bez pieczenia.<\/p>\n<p>W zestawie znajduj\u0105 si\u0119:<\/p>\n<ul>\n<li aria-level=\"1\">300 g klasycznego makowca<\/li>\n<li aria-level=\"1\">350 g sernika z cukrem pudrem<\/li>\n<li aria-level=\"1\">350 g mazurka pistacjowego<\/li>\n<li aria-level=\"1\">350 g miodownika wielkanocnego<\/li>\n<li aria-level=\"1\">250 g babki cytrynowej<\/li>\n<li aria-level=\"1\">600 g tradycyjnego mazurka z marmolad\u0105<\/li>\n<li aria-level=\"1\">350 g szarlotki<\/li>\n<\/ul>\n<p>Box Wielkanocnych S\u0142odko\u015bci to idealny zestaw ciast na Wielkanoc. Doskona\u0142y na rodzinne spotkania, \u015bwi\u0105teczny st\u00f3\u0142 lub jako s\u0142odki prezent.<\/p>\n<p>*Sk\u0142adniki i dodatki mog\u0105 r\u00f3\u017cni\u0107 si\u0119 w zale\u017cno\u015bci od sezonu oraz dost\u0119pno\u015bci produkt\u00f3w.<br \/>\n*BOXy mog\u0105 r\u00f3\u017cni\u0107 si\u0119 u\u0142o\u017ceniem oraz wybranymi produktami od tego, co jest widoczne na zdj\u0119ciu.<\/p>\n","protected":false},"excerpt":{"rendered":"<p>Box Wielkanocnych S\u0142odko\u015bci to wyj\u0105tkowy zestaw tradycyjnych wypiek\u00f3w, kt\u00f3re idealnie dope\u0142ni\u0105 \u015bwi\u0105teczny st\u00f3\u0142.<\/p>\n","protected":false},"featured_media":29716,"template":"","meta":{"_acf_changed":false},"product_brand":[],"product_cat":[114,120],"product_tag":[],"class_list":{"0":"post-29670","1":"product","2":"type-product","3":"status-publish","4":"has-post-thumbnail","6":"product_cat-boxy-okolicznosciowe","7":"product_cat-wielkanoc","8":"tm-no-options","10":"first","11":"instock","12":"taxable","13":"shipping-taxable","14":"product-type-simple"},"acf":[],"yoast_head":"<!-- This site is optimized with the Yoast SEO plugin v26.3 - https:\/\/yoast.com\/wordpress\/plugins\/seo\/ -->\n<title>Box Wielkanocnych S\u0142odko\u015bci - Yummy Catering - Party Box<\/title>\n<meta name=\"robots\" content=\"index, follow, max-snippet:-1, max-image-preview:large, max-video-preview:-1\" \/>\n<link rel=\"canonical\" href=\"https:\/\/yummypartybox.pl\/sklep\/box-wielkanocnych-slodkosci\/\" \/>\n<meta property=\"og:locale\" content=\"en_US\" \/>\n<meta property=\"og:type\" content=\"article\" \/>\n<meta property=\"og:title\" content=\"Box Wielkanocnych S\u0142odko\u015bci - Yummy Catering - Party Box\" \/>\n<meta property=\"og:description\" content=\"Box Wielkanocnych S\u0142odko\u015bci to wyj\u0105tkowy zestaw tradycyjnych wypiek\u00f3w, kt\u00f3re idealnie dope\u0142ni\u0105 \u015bwi\u0105teczny st\u00f3\u0142.\" \/>\n<meta property=\"og:url\" content=\"https:\/\/yummypartybox.pl\/sklep\/box-wielkanocnych-slodkosci\/\" \/>\n<meta property=\"og:site_name\" content=\"Yummy Catering - Party Box\" \/>\n<meta property=\"article:modified_time\" content=\"2026-04-01T07:33:49+00:00\" \/>\n<meta property=\"og:image\" content=\"https:\/\/yummypartybox.pl\/wp-content\/uploads\/2026\/03\/ciasto-wielkanoc-podest.jpg\" \/>\n\t<meta property=\"og:image:width\" content=\"600\" \/>\n\t<meta property=\"og:image:height\" content=\"600\" \/>\n\t<meta property=\"og:image:type\" content=\"image\/jpeg\" \/>\n<meta name=\"twitter:card\" content=\"summary_large_image\" \/>\n<meta name=\"twitter:label1\" content=\"Est. reading time\" \/>\n\t<meta name=\"twitter:data1\" content=\"1 minute\" \/>\n<script type=\"application\/ld+json\" class=\"yoast-schema-graph\">{\"@context\":\"https:\/\/schema.org\",\"@graph\":[{\"@type\":\"WebPage\",\"@id\":\"https:\/\/yummypartybox.pl\/sklep\/box-wielkanocnych-slodkosci\/\",\"url\":\"https:\/\/yummypartybox.pl\/sklep\/box-wielkanocnych-slodkosci\/\",\"name\":\"Box Wielkanocnych S\u0142odko\u015bci - Yummy Catering - Party Box\",\"isPartOf\":{\"@id\":\"https:\/\/yummypartybox.pl\/#website\"},\"primaryImageOfPage\":{\"@id\":\"https:\/\/yummypartybox.pl\/sklep\/box-wielkanocnych-slodkosci\/#primaryimage\"},\"image\":{\"@id\":\"https:\/\/yummypartybox.pl\/sklep\/box-wielkanocnych-slodkosci\/#primaryimage\"},\"thumbnailUrl\":\"https:\/\/yummypartybox.pl\/wp-content\/uploads\/2026\/03\/ciasto-wielkanoc-podest.jpg\",\"datePublished\":\"2026-03-10T08:39:56+00:00\",\"dateModified\":\"2026-04-01T07:33:49+00:00\",\"breadcrumb\":{\"@id\":\"https:\/\/yummypartybox.pl\/sklep\/box-wielkanocnych-slodkosci\/#breadcrumb\"},\"inLanguage\":\"en-US\",\"potentialAction\":[{\"@type\":\"ReadAction\",\"target\":[\"https:\/\/yummypartybox.pl\/sklep\/box-wielkanocnych-slodkosci\/\"]}]},{\"@type\":\"ImageObject\",\"inLanguage\":\"en-US\",\"@id\":\"https:\/\/yummypartybox.pl\/sklep\/box-wielkanocnych-slodkosci\/#primaryimage\",\"url\":\"https:\/\/yummypartybox.pl\/wp-content\/uploads\/2026\/03\/ciasto-wielkanoc-podest.jpg\",\"contentUrl\":\"https:\/\/yummypartybox.pl\/wp-content\/uploads\/2026\/03\/ciasto-wielkanoc-podest.jpg\",\"width\":600,\"height\":600},{\"@type\":\"BreadcrumbList\",\"@id\":\"https:\/\/yummypartybox.pl\/sklep\/box-wielkanocnych-slodkosci\/#breadcrumb\",\"itemListElement\":[{\"@type\":\"ListItem\",\"position\":1,\"name\":\"Strona g\u0142\u00f3wna\",\"item\":\"https:\/\/yummypartybox.pl\/\"},{\"@type\":\"ListItem\",\"position\":2,\"name\":\"Sklep\",\"item\":\"https:\/\/yummypartybox.pl\/sklep\/\"},{\"@type\":\"ListItem\",\"position\":3,\"name\":\"Box Wielkanocnych S\u0142odko\u015bci\"}]},{\"@type\":\"WebSite\",\"@id\":\"https:\/\/yummypartybox.pl\/#website\",\"url\":\"https:\/\/yummypartybox.pl\/\",\"name\":\"Yummy Catering - Party Box\",\"description\":\"Catering Box. \u015awie\u017ce produkty, pyszny smak, jako\u015b\u0107 to Yummy Party Box.\",\"publisher\":{\"@id\":\"https:\/\/yummypartybox.pl\/#organization\"},\"alternateName\":\"YUMMY CATERING\",\"potentialAction\":[{\"@type\":\"SearchAction\",\"target\":{\"@type\":\"EntryPoint\",\"urlTemplate\":\"https:\/\/yummypartybox.pl\/?s={search_term_string}\"},\"query-input\":{\"@type\":\"PropertyValueSpecification\",\"valueRequired\":true,\"valueName\":\"search_term_string\"}}],\"inLanguage\":\"en-US\"},{\"@type\":\"Organization\",\"@id\":\"https:\/\/yummypartybox.pl\/#organization\",\"name\":\"Yummy Catering - Party Box\",\"url\":\"https:\/\/yummypartybox.pl\/\",\"logo\":{\"@type\":\"ImageObject\",\"inLanguage\":\"en-US\",\"@id\":\"https:\/\/yummypartybox.pl\/#\/schema\/logo\/image\/\",\"url\":\"https:\/\/yummypartybox.pl\/wp-content\/uploads\/2022\/11\/logo-yummy-partybox.png\",\"contentUrl\":\"https:\/\/yummypartybox.pl\/wp-content\/uploads\/2022\/11\/logo-yummy-partybox.png\",\"width\":163,\"height\":163,\"caption\":\"Yummy Catering - Party Box\"},\"image\":{\"@id\":\"https:\/\/yummypartybox.pl\/#\/schema\/logo\/image\/\"}}]}<\/script>\n<!-- \/ Yoast SEO plugin. -->","yoast_head_json":{"title":"Box Wielkanocnych S\u0142odko\u015bci - Yummy Catering - Party Box","robots":{"index":"index","follow":"follow","max-snippet":"max-snippet:-1","max-image-preview":"max-image-preview:large","max-video-preview":"max-video-preview:-1"},"canonical":"https:\/\/yummypartybox.pl\/sklep\/box-wielkanocnych-slodkosci\/","og_locale":"en_US","og_type":"article","og_title":"Box Wielkanocnych S\u0142odko\u015bci - Yummy Catering - Party Box","og_description":"Box Wielkanocnych S\u0142odko\u015bci to wyj\u0105tkowy zestaw tradycyjnych wypiek\u00f3w, kt\u00f3re idealnie dope\u0142ni\u0105 \u015bwi\u0105teczny st\u00f3\u0142.","og_url":"https:\/\/yummypartybox.pl\/sklep\/box-wielkanocnych-slodkosci\/","og_site_name":"Yummy Catering - Party Box","article_modified_time":"2026-04-01T07:33:49+00:00","og_image":[{"width":600,"height":600,"url":"https:\/\/yummypartybox.pl\/wp-content\/uploads\/2026\/03\/ciasto-wielkanoc-podest.jpg","type":"image\/jpeg"}],"twitter_card":"summary_large_image","twitter_misc":{"Est. reading time":"1 minute"},"schema":{"@context":"https:\/\/schema.org","@graph":[{"@type":"WebPage","@id":"https:\/\/yummypartybox.pl\/sklep\/box-wielkanocnych-slodkosci\/","url":"https:\/\/yummypartybox.pl\/sklep\/box-wielkanocnych-slodkosci\/","name":"Box Wielkanocnych S\u0142odko\u015bci - Yummy Catering - Party Box","isPartOf":{"@id":"https:\/\/yummypartybox.pl\/#website"},"primaryImageOfPage":{"@id":"https:\/\/yummypartybox.pl\/sklep\/box-wielkanocnych-slodkosci\/#primaryimage"},"image":{"@id":"https:\/\/yummypartybox.pl\/sklep\/box-wielkanocnych-slodkosci\/#primaryimage"},"thumbnailUrl":"https:\/\/yummypartybox.pl\/wp-content\/uploads\/2026\/03\/ciasto-wielkanoc-podest.jpg","datePublished":"2026-03-10T08:39:56+00:00","dateModified":"2026-04-01T07:33:49+00:00","breadcrumb":{"@id":"https:\/\/yummypartybox.pl\/sklep\/box-wielkanocnych-slodkosci\/#breadcrumb"},"inLanguage":"en-US","potentialAction":[{"@type":"ReadAction","target":["https:\/\/yummypartybox.pl\/sklep\/box-wielkanocnych-slodkosci\/"]}]},{"@type":"ImageObject","inLanguage":"en-US","@id":"https:\/\/yummypartybox.pl\/sklep\/box-wielkanocnych-slodkosci\/#primaryimage","url":"https:\/\/yummypartybox.pl\/wp-content\/uploads\/2026\/03\/ciasto-wielkanoc-podest.jpg","contentUrl":"https:\/\/yummypartybox.pl\/wp-content\/uploads\/2026\/03\/ciasto-wielkanoc-podest.jpg","width":600,"height":600},{"@type":"BreadcrumbList","@id":"https:\/\/yummypartybox.pl\/sklep\/box-wielkanocnych-slodkosci\/#breadcrumb","itemListElement":[{"@type":"ListItem","position":1,"name":"Strona g\u0142\u00f3wna","item":"https:\/\/yummypartybox.pl\/"},{"@type":"ListItem","position":2,"name":"Sklep","item":"https:\/\/yummypartybox.pl\/sklep\/"},{"@type":"ListItem","position":3,"name":"Box Wielkanocnych S\u0142odko\u015bci"}]},{"@type":"WebSite","@id":"https:\/\/yummypartybox.pl\/#website","url":"https:\/\/yummypartybox.pl\/","name":"Yummy Catering - Party Box","description":"Catering Box. \u015awie\u017ce produkty, pyszny smak, jako\u015b\u0107 to Yummy Party Box.","publisher":{"@id":"https:\/\/yummypartybox.pl\/#organization"},"alternateName":"YUMMY CATERING","potentialAction":[{"@type":"SearchAction","target":{"@type":"EntryPoint","urlTemplate":"https:\/\/yummypartybox.pl\/?s={search_term_string}"},"query-input":{"@type":"PropertyValueSpecification","valueRequired":true,"valueName":"search_term_string"}}],"inLanguage":"en-US"},{"@type":"Organization","@id":"https:\/\/yummypartybox.pl\/#organization","name":"Yummy Catering - Party Box","url":"https:\/\/yummypartybox.pl\/","logo":{"@type":"ImageObject","inLanguage":"en-US","@id":"https:\/\/yummypartybox.pl\/#\/schema\/logo\/image\/","url":"https:\/\/yummypartybox.pl\/wp-content\/uploads\/2022\/11\/logo-yummy-partybox.png","contentUrl":"https:\/\/yummypartybox.pl\/wp-content\/uploads\/2022\/11\/logo-yummy-partybox.png","width":163,"height":163,"caption":"Yummy Catering - Party Box"},"image":{"@id":"https:\/\/yummypartybox.pl\/#\/schema\/logo\/image\/"}}]}},"_links":{"self":[{"href":"https:\/\/yummypartybox.pl\/en\/wp-json\/wp\/v2\/product\/29670","targetHints":{"allow":["GET"]}}],"collection":[{"href":"https:\/\/yummypartybox.pl\/en\/wp-json\/wp\/v2\/product"}],"about":[{"href":"https:\/\/yummypartybox.pl\/en\/wp-json\/wp\/v2\/types\/product"}],"version-history":[{"count":1,"href":"https:\/\/yummypartybox.pl\/en\/wp-json\/wp\/v2\/product\/29670\/revisions"}],"predecessor-version":[{"id":29681,"href":"https:\/\/yummypartybox.pl\/en\/wp-json\/wp\/v2\/product\/29670\/revisions\/29681"}],"wp:featuredmedia":[{"embeddable":true,"href":"https:\/\/yummypartybox.pl\/en\/wp-json\/wp\/v2\/media\/29716"}],"wp:attachment":[{"href":"https:\/\/yummypartybox.pl\/en\/wp-json\/wp\/v2\/media?parent=29670"}],"wp:term":[{"taxonomy":"product_brand","embeddable":true,"href":"https:\/\/yummypartybox.pl\/en\/wp-json\/wp\/v2\/product_brand?post=29670"},{"taxonomy":"product_cat","embeddable":true,"href":"https:\/\/yummypartybox.pl\/en\/wp-json\/wp\/v2\/product_cat?post=29670"},{"taxonomy":"product_tag","embeddable":true,"href":"https:\/\/yummypartybox.pl\/en\/wp-json\/wp\/v2\/product_tag?post=29670"}],"curies":[{"name":"wp","href":"https:\/\/api.w.org\/{rel}","templated":true}]}}