{"id":29588,"date":"2026-03-05T09:57:09","date_gmt":"2026-03-05T08:57:09","guid":{"rendered":"https:\/\/yummypartybox.pl\/?post_type=product&#038;p=29588"},"modified":"2026-04-01T09:32:31","modified_gmt":"2026-04-01T07:32:31","slug":"box-wielkanocny-2","status":"publish","type":"product","link":"https:\/\/yummypartybox.pl\/en\/sklep\/box-wielkanocny-2\/","title":{"rendered":"Box Wielkanocny"},"content":{"rendered":"<p>Box Wielkanocny \u2013 tradycyjne smaki w eleganckiej formie<\/p>\n<p>Szukasz pomys\u0142u na wyj\u0105tkowy catering na Wielkanoc? Nasz Box Wielkanocny to starannie skomponowany zestaw \u015bwi\u0105tecznych przysmak\u00f3w, kt\u00f3ry \u0142\u0105czy tradycyjne polskie potrawy wielkanocne z nowoczesnym podaniem.<\/p>\n<p>W \u015brodku znajdziesz bogaty wyb\u00f3r wytrawnych przek\u0105sek, klasycznych wielkanocnych specja\u0142\u00f3w oraz domowych deser\u00f3w:<\/p>\n<p>10 \u00d7 mini tortilla z sosem chrzanowym, szarpan\u0105 szynk\u0105, musem jab\u0142kowym, czerwon\u0105 kapust\u0105 i kie\u0142kami<br \/>\n3 \u00d7 mini croissant z musem chrzanowym, pieczon\u0105 bia\u0142\u0105 kie\u0142bas\u0105 i piklowan\u0105 czerwon\u0105 cebulk\u0105<br \/>\n6 \u00d7 po\u0142\u00f3wka jajka z majonezem rakowym i krewetkami koktajlowymi<br \/>\n6 \u00d7 po\u0142\u00f3wka jajka z past\u0105 jajeczn\u0105, awokado, \u015bwie\u017cym og\u00f3rkiem i rze\u017cuch\u0105<\/p>\n<p>wolno pieczona szynka<br \/>\n250 g pieczonego pasztetu wieprzowego<br \/>\n200 g kie\u0142basy swojskiej<br \/>\n6 plastr\u00f3w wiejskiej szynki z t\u0142uszczykiem<br \/>\n6 plastr\u00f3w pieczonego karczku<\/p>\n<p>700 ml tradycyjnej sa\u0142atki jarzynowej<br \/>\n700 ml sa\u0142atki z grillowanym kurczakiem, sa\u0142at\u0105 rzymsk\u0105, ananasem, czerwon\u0105 fasol\u0105 i orzechami<br \/>\n270 ml \u015bledzika pod pierzynk\u0105 z burakiem<\/p>\n<p>300 g tradycyjnego sernika z pudrem<br \/>\n3 \u00d7 mini serniczek na ciasteczkach Lotus z musem malinowym i \u015bwie\u017cymi malinami<\/p>\n<p>Box Wielkanocny \u2013 catering wielkanocny do domu lub biura, kt\u00f3ry sprawi, \u017ce \u015bwi\u0119ta b\u0119d\u0105 smaczne, wygodne i wyj\u0105tkowe.<\/p>\n","protected":false},"excerpt":{"rendered":"<p>Box Wielkanocny \u2013 tradycyjne smaki w eleganckiej formie Szukasz pomys\u0142u na wyj\u0105tkowy catering na Wielkanoc? Nasz Box Wielkanocny to starannie<\/p>\n","protected":false},"featured_media":29694,"template":"","meta":{"_acf_changed":false},"product_brand":[],"product_cat":[114,120],"product_tag":[],"class_list":{"0":"post-29588","1":"product","2":"type-product","3":"status-publish","4":"has-post-thumbnail","6":"product_cat-boxy-okolicznosciowe","7":"product_cat-wielkanoc","8":"tm-no-options","10":"first","11":"instock","12":"taxable","13":"shipping-taxable","14":"product-type-simple"},"acf":[],"yoast_head":"<!-- This site is optimized with the Yoast SEO plugin v26.3 - https:\/\/yoast.com\/wordpress\/plugins\/seo\/ -->\n<title>Box Wielkanocny - Yummy Catering - Party Box<\/title>\n<meta name=\"robots\" content=\"index, follow, max-snippet:-1, max-image-preview:large, max-video-preview:-1\" \/>\n<link rel=\"canonical\" href=\"https:\/\/yummypartybox.pl\/sklep\/box-wielkanocny-2\/\" \/>\n<meta property=\"og:locale\" content=\"en_US\" \/>\n<meta property=\"og:type\" content=\"article\" \/>\n<meta property=\"og:title\" content=\"Box Wielkanocny - Yummy Catering - Party Box\" \/>\n<meta property=\"og:description\" content=\"Box Wielkanocny \u2013 tradycyjne smaki w eleganckiej formie Szukasz pomys\u0142u na wyj\u0105tkowy catering na Wielkanoc? Nasz Box Wielkanocny to starannie\" \/>\n<meta property=\"og:url\" content=\"https:\/\/yummypartybox.pl\/sklep\/box-wielkanocny-2\/\" \/>\n<meta property=\"og:site_name\" content=\"Yummy Catering - Party Box\" \/>\n<meta property=\"article:modified_time\" content=\"2026-04-01T07:32:31+00:00\" \/>\n<meta property=\"og:image\" content=\"https:\/\/yummypartybox.pl\/wp-content\/uploads\/2026\/03\/box-wielkanocny.jpg\" \/>\n\t<meta property=\"og:image:width\" content=\"600\" \/>\n\t<meta property=\"og:image:height\" content=\"600\" \/>\n\t<meta property=\"og:image:type\" content=\"image\/jpeg\" \/>\n<meta name=\"twitter:card\" content=\"summary_large_image\" \/>\n<meta name=\"twitter:label1\" content=\"Est. reading time\" \/>\n\t<meta name=\"twitter:data1\" content=\"2 minutes\" \/>\n<script type=\"application\/ld+json\" class=\"yoast-schema-graph\">{\"@context\":\"https:\/\/schema.org\",\"@graph\":[{\"@type\":\"WebPage\",\"@id\":\"https:\/\/yummypartybox.pl\/sklep\/box-wielkanocny-2\/\",\"url\":\"https:\/\/yummypartybox.pl\/sklep\/box-wielkanocny-2\/\",\"name\":\"Box Wielkanocny - Yummy Catering - Party Box\",\"isPartOf\":{\"@id\":\"https:\/\/yummypartybox.pl\/#website\"},\"primaryImageOfPage\":{\"@id\":\"https:\/\/yummypartybox.pl\/sklep\/box-wielkanocny-2\/#primaryimage\"},\"image\":{\"@id\":\"https:\/\/yummypartybox.pl\/sklep\/box-wielkanocny-2\/#primaryimage\"},\"thumbnailUrl\":\"https:\/\/yummypartybox.pl\/wp-content\/uploads\/2026\/03\/box-wielkanocny.jpg\",\"datePublished\":\"2026-03-05T08:57:09+00:00\",\"dateModified\":\"2026-04-01T07:32:31+00:00\",\"breadcrumb\":{\"@id\":\"https:\/\/yummypartybox.pl\/sklep\/box-wielkanocny-2\/#breadcrumb\"},\"inLanguage\":\"en-US\",\"potentialAction\":[{\"@type\":\"ReadAction\",\"target\":[\"https:\/\/yummypartybox.pl\/sklep\/box-wielkanocny-2\/\"]}]},{\"@type\":\"ImageObject\",\"inLanguage\":\"en-US\",\"@id\":\"https:\/\/yummypartybox.pl\/sklep\/box-wielkanocny-2\/#primaryimage\",\"url\":\"https:\/\/yummypartybox.pl\/wp-content\/uploads\/2026\/03\/box-wielkanocny.jpg\",\"contentUrl\":\"https:\/\/yummypartybox.pl\/wp-content\/uploads\/2026\/03\/box-wielkanocny.jpg\",\"width\":600,\"height\":600},{\"@type\":\"BreadcrumbList\",\"@id\":\"https:\/\/yummypartybox.pl\/sklep\/box-wielkanocny-2\/#breadcrumb\",\"itemListElement\":[{\"@type\":\"ListItem\",\"position\":1,\"name\":\"Strona g\u0142\u00f3wna\",\"item\":\"https:\/\/yummypartybox.pl\/\"},{\"@type\":\"ListItem\",\"position\":2,\"name\":\"Sklep\",\"item\":\"https:\/\/yummypartybox.pl\/sklep\/\"},{\"@type\":\"ListItem\",\"position\":3,\"name\":\"Box Wielkanocny\"}]},{\"@type\":\"WebSite\",\"@id\":\"https:\/\/yummypartybox.pl\/#website\",\"url\":\"https:\/\/yummypartybox.pl\/\",\"name\":\"Yummy Catering - Party Box\",\"description\":\"Catering Box. \u015awie\u017ce produkty, pyszny smak, jako\u015b\u0107 to Yummy Party Box.\",\"publisher\":{\"@id\":\"https:\/\/yummypartybox.pl\/#organization\"},\"alternateName\":\"YUMMY CATERING\",\"potentialAction\":[{\"@type\":\"SearchAction\",\"target\":{\"@type\":\"EntryPoint\",\"urlTemplate\":\"https:\/\/yummypartybox.pl\/?s={search_term_string}\"},\"query-input\":{\"@type\":\"PropertyValueSpecification\",\"valueRequired\":true,\"valueName\":\"search_term_string\"}}],\"inLanguage\":\"en-US\"},{\"@type\":\"Organization\",\"@id\":\"https:\/\/yummypartybox.pl\/#organization\",\"name\":\"Yummy Catering - Party Box\",\"url\":\"https:\/\/yummypartybox.pl\/\",\"logo\":{\"@type\":\"ImageObject\",\"inLanguage\":\"en-US\",\"@id\":\"https:\/\/yummypartybox.pl\/#\/schema\/logo\/image\/\",\"url\":\"https:\/\/yummypartybox.pl\/wp-content\/uploads\/2022\/11\/logo-yummy-partybox.png\",\"contentUrl\":\"https:\/\/yummypartybox.pl\/wp-content\/uploads\/2022\/11\/logo-yummy-partybox.png\",\"width\":163,\"height\":163,\"caption\":\"Yummy Catering - Party Box\"},\"image\":{\"@id\":\"https:\/\/yummypartybox.pl\/#\/schema\/logo\/image\/\"}}]}<\/script>\n<!-- \/ Yoast SEO plugin. -->","yoast_head_json":{"title":"Box Wielkanocny - Yummy Catering - Party Box","robots":{"index":"index","follow":"follow","max-snippet":"max-snippet:-1","max-image-preview":"max-image-preview:large","max-video-preview":"max-video-preview:-1"},"canonical":"https:\/\/yummypartybox.pl\/sklep\/box-wielkanocny-2\/","og_locale":"en_US","og_type":"article","og_title":"Box Wielkanocny - Yummy Catering - Party Box","og_description":"Box Wielkanocny \u2013 tradycyjne smaki w eleganckiej formie Szukasz pomys\u0142u na wyj\u0105tkowy catering na Wielkanoc? Nasz Box Wielkanocny to starannie","og_url":"https:\/\/yummypartybox.pl\/sklep\/box-wielkanocny-2\/","og_site_name":"Yummy Catering - Party Box","article_modified_time":"2026-04-01T07:32:31+00:00","og_image":[{"width":600,"height":600,"url":"https:\/\/yummypartybox.pl\/wp-content\/uploads\/2026\/03\/box-wielkanocny.jpg","type":"image\/jpeg"}],"twitter_card":"summary_large_image","twitter_misc":{"Est. reading time":"2 minutes"},"schema":{"@context":"https:\/\/schema.org","@graph":[{"@type":"WebPage","@id":"https:\/\/yummypartybox.pl\/sklep\/box-wielkanocny-2\/","url":"https:\/\/yummypartybox.pl\/sklep\/box-wielkanocny-2\/","name":"Box Wielkanocny - Yummy Catering - Party Box","isPartOf":{"@id":"https:\/\/yummypartybox.pl\/#website"},"primaryImageOfPage":{"@id":"https:\/\/yummypartybox.pl\/sklep\/box-wielkanocny-2\/#primaryimage"},"image":{"@id":"https:\/\/yummypartybox.pl\/sklep\/box-wielkanocny-2\/#primaryimage"},"thumbnailUrl":"https:\/\/yummypartybox.pl\/wp-content\/uploads\/2026\/03\/box-wielkanocny.jpg","datePublished":"2026-03-05T08:57:09+00:00","dateModified":"2026-04-01T07:32:31+00:00","breadcrumb":{"@id":"https:\/\/yummypartybox.pl\/sklep\/box-wielkanocny-2\/#breadcrumb"},"inLanguage":"en-US","potentialAction":[{"@type":"ReadAction","target":["https:\/\/yummypartybox.pl\/sklep\/box-wielkanocny-2\/"]}]},{"@type":"ImageObject","inLanguage":"en-US","@id":"https:\/\/yummypartybox.pl\/sklep\/box-wielkanocny-2\/#primaryimage","url":"https:\/\/yummypartybox.pl\/wp-content\/uploads\/2026\/03\/box-wielkanocny.jpg","contentUrl":"https:\/\/yummypartybox.pl\/wp-content\/uploads\/2026\/03\/box-wielkanocny.jpg","width":600,"height":600},{"@type":"BreadcrumbList","@id":"https:\/\/yummypartybox.pl\/sklep\/box-wielkanocny-2\/#breadcrumb","itemListElement":[{"@type":"ListItem","position":1,"name":"Strona g\u0142\u00f3wna","item":"https:\/\/yummypartybox.pl\/"},{"@type":"ListItem","position":2,"name":"Sklep","item":"https:\/\/yummypartybox.pl\/sklep\/"},{"@type":"ListItem","position":3,"name":"Box Wielkanocny"}]},{"@type":"WebSite","@id":"https:\/\/yummypartybox.pl\/#website","url":"https:\/\/yummypartybox.pl\/","name":"Yummy Catering - Party Box","description":"Catering Box. \u015awie\u017ce produkty, pyszny smak, jako\u015b\u0107 to Yummy Party Box.","publisher":{"@id":"https:\/\/yummypartybox.pl\/#organization"},"alternateName":"YUMMY CATERING","potentialAction":[{"@type":"SearchAction","target":{"@type":"EntryPoint","urlTemplate":"https:\/\/yummypartybox.pl\/?s={search_term_string}"},"query-input":{"@type":"PropertyValueSpecification","valueRequired":true,"valueName":"search_term_string"}}],"inLanguage":"en-US"},{"@type":"Organization","@id":"https:\/\/yummypartybox.pl\/#organization","name":"Yummy Catering - Party Box","url":"https:\/\/yummypartybox.pl\/","logo":{"@type":"ImageObject","inLanguage":"en-US","@id":"https:\/\/yummypartybox.pl\/#\/schema\/logo\/image\/","url":"https:\/\/yummypartybox.pl\/wp-content\/uploads\/2022\/11\/logo-yummy-partybox.png","contentUrl":"https:\/\/yummypartybox.pl\/wp-content\/uploads\/2022\/11\/logo-yummy-partybox.png","width":163,"height":163,"caption":"Yummy Catering - Party Box"},"image":{"@id":"https:\/\/yummypartybox.pl\/#\/schema\/logo\/image\/"}}]}},"_links":{"self":[{"href":"https:\/\/yummypartybox.pl\/en\/wp-json\/wp\/v2\/product\/29588","targetHints":{"allow":["GET"]}}],"collection":[{"href":"https:\/\/yummypartybox.pl\/en\/wp-json\/wp\/v2\/product"}],"about":[{"href":"https:\/\/yummypartybox.pl\/en\/wp-json\/wp\/v2\/types\/product"}],"version-history":[{"count":3,"href":"https:\/\/yummypartybox.pl\/en\/wp-json\/wp\/v2\/product\/29588\/revisions"}],"predecessor-version":[{"id":30238,"href":"https:\/\/yummypartybox.pl\/en\/wp-json\/wp\/v2\/product\/29588\/revisions\/30238"}],"wp:featuredmedia":[{"embeddable":true,"href":"https:\/\/yummypartybox.pl\/en\/wp-json\/wp\/v2\/media\/29694"}],"wp:attachment":[{"href":"https:\/\/yummypartybox.pl\/en\/wp-json\/wp\/v2\/media?parent=29588"}],"wp:term":[{"taxonomy":"product_brand","embeddable":true,"href":"https:\/\/yummypartybox.pl\/en\/wp-json\/wp\/v2\/product_brand?post=29588"},{"taxonomy":"product_cat","embeddable":true,"href":"https:\/\/yummypartybox.pl\/en\/wp-json\/wp\/v2\/product_cat?post=29588"},{"taxonomy":"product_tag","embeddable":true,"href":"https:\/\/yummypartybox.pl\/en\/wp-json\/wp\/v2\/product_tag?post=29588"}],"curies":[{"name":"wp","href":"https:\/\/api.w.org\/{rel}","templated":true}]}}