{"id":27036,"date":"2025-09-19T11:08:02","date_gmt":"2025-09-19T09:08:02","guid":{"rendered":"https:\/\/yummypartybox.pl\/?post_type=product&#038;p=27036"},"modified":"2026-02-10T10:19:21","modified_gmt":"2026-02-10T09:19:21","slug":"hot-dogi-smaki-jesieni","status":"publish","type":"product","link":"https:\/\/yummypartybox.pl\/en\/sklep\/hot-dogi-smaki-jesieni\/","title":{"rendered":"Box Hot Dog\u00f3w"},"content":{"rendered":"<p><strong>Sk\u0142ad:<\/strong><\/p>\n<p style=\"font-weight: 400;\">4 x Hot dog wege z coles\u0142awem<\/p>\n<p style=\"font-weight: 400;\">4 x Hot dog z sals\u0105 mango<\/p>\n<p style=\"font-weight: 400;\">4 x Hot dog sriracha z cebulk\u0105<\/p>\n<p style=\"font-weight: 400;\">4 x Hot dog wege z halloumi, ananasem i cebulk\u0105<\/p>\n<p>&nbsp;<\/p>\n<p>*Sk\u0142adniki i dodatki mog\u0105 r\u00f3\u017cni\u0107 si\u0119, w zale\u017cno\u015bci od sezonu oraz dost\u0119pno\u015bci produkt\u00f3w.<br \/>\n*BOXy mog\u0105 r\u00f3\u017cni\u0107 si\u0119 u\u0142o\u017ceniem oraz wybranymi produktami od tego co jest widoczne na zdj\u0119ciu.<\/p>\n","protected":false},"excerpt":{"rendered":"<p>Sk\u0142ad: 4 x Hot dog wege z coles\u0142awem 4 x Hot dog z sals\u0105 mango 4 x Hot dog sriracha<\/p>\n","protected":false},"featured_media":27037,"template":"","meta":{"_acf_changed":false},"product_brand":[],"product_cat":[20],"product_tag":[],"class_list":{"0":"post-27036","1":"product","2":"type-product","3":"status-publish","4":"has-post-thumbnail","6":"product_cat-boxy-wytrawnie","7":"tm-no-options","9":"first","10":"instock","11":"taxable","12":"shipping-taxable","13":"purchasable","14":"product-type-simple"},"acf":[],"yoast_head":"<!-- This site is optimized with the Yoast SEO plugin v26.3 - https:\/\/yoast.com\/wordpress\/plugins\/seo\/ -->\n<title>Box Hot Dog\u00f3w - Yummy Catering - Party Box<\/title>\n<meta name=\"robots\" content=\"index, follow, max-snippet:-1, max-image-preview:large, max-video-preview:-1\" \/>\n<link rel=\"canonical\" href=\"https:\/\/yummypartybox.pl\/sklep\/hot-dogi-smaki-jesieni\/\" \/>\n<meta property=\"og:locale\" content=\"en_US\" \/>\n<meta property=\"og:type\" content=\"article\" \/>\n<meta property=\"og:title\" content=\"Box Hot Dog\u00f3w - Yummy Catering - Party Box\" \/>\n<meta property=\"og:description\" content=\"Sk\u0142ad: 4 x Hot dog wege z coles\u0142awem 4 x Hot dog z sals\u0105 mango 4 x Hot dog sriracha\" \/>\n<meta property=\"og:url\" content=\"https:\/\/yummypartybox.pl\/sklep\/hot-dogi-smaki-jesieni\/\" \/>\n<meta property=\"og:site_name\" content=\"Yummy Catering - Party Box\" \/>\n<meta property=\"article:modified_time\" content=\"2026-02-10T09:19:21+00:00\" \/>\n<meta property=\"og:image\" content=\"https:\/\/yummypartybox.pl\/wp-content\/uploads\/2025\/09\/Hot-Dogi-\u201esmaki-jesieni.jpg\" \/>\n\t<meta property=\"og:image:width\" content=\"600\" \/>\n\t<meta property=\"og:image:height\" content=\"600\" \/>\n\t<meta property=\"og:image:type\" content=\"image\/jpeg\" \/>\n<meta name=\"twitter:card\" content=\"summary_large_image\" \/>\n<meta name=\"twitter:label1\" content=\"Est. reading time\" \/>\n\t<meta name=\"twitter:data1\" content=\"1 minute\" \/>\n<script type=\"application\/ld+json\" class=\"yoast-schema-graph\">{\"@context\":\"https:\/\/schema.org\",\"@graph\":[{\"@type\":\"WebPage\",\"@id\":\"https:\/\/yummypartybox.pl\/sklep\/hot-dogi-smaki-jesieni\/\",\"url\":\"https:\/\/yummypartybox.pl\/sklep\/hot-dogi-smaki-jesieni\/\",\"name\":\"Box Hot Dog\u00f3w - Yummy Catering - Party Box\",\"isPartOf\":{\"@id\":\"https:\/\/yummypartybox.pl\/#website\"},\"primaryImageOfPage\":{\"@id\":\"https:\/\/yummypartybox.pl\/sklep\/hot-dogi-smaki-jesieni\/#primaryimage\"},\"image\":{\"@id\":\"https:\/\/yummypartybox.pl\/sklep\/hot-dogi-smaki-jesieni\/#primaryimage\"},\"thumbnailUrl\":\"https:\/\/yummypartybox.pl\/wp-content\/uploads\/2025\/09\/Hot-Dogi-\u201esmaki-jesieni.jpg\",\"datePublished\":\"2025-09-19T09:08:02+00:00\",\"dateModified\":\"2026-02-10T09:19:21+00:00\",\"breadcrumb\":{\"@id\":\"https:\/\/yummypartybox.pl\/sklep\/hot-dogi-smaki-jesieni\/#breadcrumb\"},\"inLanguage\":\"en-US\",\"potentialAction\":[{\"@type\":\"ReadAction\",\"target\":[\"https:\/\/yummypartybox.pl\/sklep\/hot-dogi-smaki-jesieni\/\"]}]},{\"@type\":\"ImageObject\",\"inLanguage\":\"en-US\",\"@id\":\"https:\/\/yummypartybox.pl\/sklep\/hot-dogi-smaki-jesieni\/#primaryimage\",\"url\":\"https:\/\/yummypartybox.pl\/wp-content\/uploads\/2025\/09\/Hot-Dogi-\u201esmaki-jesieni.jpg\",\"contentUrl\":\"https:\/\/yummypartybox.pl\/wp-content\/uploads\/2025\/09\/Hot-Dogi-\u201esmaki-jesieni.jpg\",\"width\":600,\"height\":600},{\"@type\":\"BreadcrumbList\",\"@id\":\"https:\/\/yummypartybox.pl\/sklep\/hot-dogi-smaki-jesieni\/#breadcrumb\",\"itemListElement\":[{\"@type\":\"ListItem\",\"position\":1,\"name\":\"Strona g\u0142\u00f3wna\",\"item\":\"https:\/\/yummypartybox.pl\/\"},{\"@type\":\"ListItem\",\"position\":2,\"name\":\"Sklep\",\"item\":\"https:\/\/yummypartybox.pl\/sklep\/\"},{\"@type\":\"ListItem\",\"position\":3,\"name\":\"Box Hot Dog\u00f3w\"}]},{\"@type\":\"WebSite\",\"@id\":\"https:\/\/yummypartybox.pl\/#website\",\"url\":\"https:\/\/yummypartybox.pl\/\",\"name\":\"Yummy Catering - Party Box\",\"description\":\"Catering Box. \u015awie\u017ce produkty, pyszny smak, jako\u015b\u0107 to Yummy Party Box.\",\"publisher\":{\"@id\":\"https:\/\/yummypartybox.pl\/#organization\"},\"alternateName\":\"YUMMY CATERING\",\"potentialAction\":[{\"@type\":\"SearchAction\",\"target\":{\"@type\":\"EntryPoint\",\"urlTemplate\":\"https:\/\/yummypartybox.pl\/?s={search_term_string}\"},\"query-input\":{\"@type\":\"PropertyValueSpecification\",\"valueRequired\":true,\"valueName\":\"search_term_string\"}}],\"inLanguage\":\"en-US\"},{\"@type\":\"Organization\",\"@id\":\"https:\/\/yummypartybox.pl\/#organization\",\"name\":\"Yummy Catering - Party Box\",\"url\":\"https:\/\/yummypartybox.pl\/\",\"logo\":{\"@type\":\"ImageObject\",\"inLanguage\":\"en-US\",\"@id\":\"https:\/\/yummypartybox.pl\/#\/schema\/logo\/image\/\",\"url\":\"https:\/\/yummypartybox.pl\/wp-content\/uploads\/2022\/11\/logo-yummy-partybox.png\",\"contentUrl\":\"https:\/\/yummypartybox.pl\/wp-content\/uploads\/2022\/11\/logo-yummy-partybox.png\",\"width\":163,\"height\":163,\"caption\":\"Yummy Catering - Party Box\"},\"image\":{\"@id\":\"https:\/\/yummypartybox.pl\/#\/schema\/logo\/image\/\"}}]}<\/script>\n<!-- \/ Yoast SEO plugin. -->","yoast_head_json":{"title":"Box Hot Dog\u00f3w - Yummy Catering - Party Box","robots":{"index":"index","follow":"follow","max-snippet":"max-snippet:-1","max-image-preview":"max-image-preview:large","max-video-preview":"max-video-preview:-1"},"canonical":"https:\/\/yummypartybox.pl\/sklep\/hot-dogi-smaki-jesieni\/","og_locale":"en_US","og_type":"article","og_title":"Box Hot Dog\u00f3w - Yummy Catering - Party Box","og_description":"Sk\u0142ad: 4 x Hot dog wege z coles\u0142awem 4 x Hot dog z sals\u0105 mango 4 x Hot dog sriracha","og_url":"https:\/\/yummypartybox.pl\/sklep\/hot-dogi-smaki-jesieni\/","og_site_name":"Yummy Catering - Party Box","article_modified_time":"2026-02-10T09:19:21+00:00","og_image":[{"width":600,"height":600,"url":"https:\/\/yummypartybox.pl\/wp-content\/uploads\/2025\/09\/Hot-Dogi-\u201esmaki-jesieni.jpg","type":"image\/jpeg"}],"twitter_card":"summary_large_image","twitter_misc":{"Est. reading time":"1 minute"},"schema":{"@context":"https:\/\/schema.org","@graph":[{"@type":"WebPage","@id":"https:\/\/yummypartybox.pl\/sklep\/hot-dogi-smaki-jesieni\/","url":"https:\/\/yummypartybox.pl\/sklep\/hot-dogi-smaki-jesieni\/","name":"Box Hot Dog\u00f3w - Yummy Catering - Party Box","isPartOf":{"@id":"https:\/\/yummypartybox.pl\/#website"},"primaryImageOfPage":{"@id":"https:\/\/yummypartybox.pl\/sklep\/hot-dogi-smaki-jesieni\/#primaryimage"},"image":{"@id":"https:\/\/yummypartybox.pl\/sklep\/hot-dogi-smaki-jesieni\/#primaryimage"},"thumbnailUrl":"https:\/\/yummypartybox.pl\/wp-content\/uploads\/2025\/09\/Hot-Dogi-\u201esmaki-jesieni.jpg","datePublished":"2025-09-19T09:08:02+00:00","dateModified":"2026-02-10T09:19:21+00:00","breadcrumb":{"@id":"https:\/\/yummypartybox.pl\/sklep\/hot-dogi-smaki-jesieni\/#breadcrumb"},"inLanguage":"en-US","potentialAction":[{"@type":"ReadAction","target":["https:\/\/yummypartybox.pl\/sklep\/hot-dogi-smaki-jesieni\/"]}]},{"@type":"ImageObject","inLanguage":"en-US","@id":"https:\/\/yummypartybox.pl\/sklep\/hot-dogi-smaki-jesieni\/#primaryimage","url":"https:\/\/yummypartybox.pl\/wp-content\/uploads\/2025\/09\/Hot-Dogi-\u201esmaki-jesieni.jpg","contentUrl":"https:\/\/yummypartybox.pl\/wp-content\/uploads\/2025\/09\/Hot-Dogi-\u201esmaki-jesieni.jpg","width":600,"height":600},{"@type":"BreadcrumbList","@id":"https:\/\/yummypartybox.pl\/sklep\/hot-dogi-smaki-jesieni\/#breadcrumb","itemListElement":[{"@type":"ListItem","position":1,"name":"Strona g\u0142\u00f3wna","item":"https:\/\/yummypartybox.pl\/"},{"@type":"ListItem","position":2,"name":"Sklep","item":"https:\/\/yummypartybox.pl\/sklep\/"},{"@type":"ListItem","position":3,"name":"Box Hot Dog\u00f3w"}]},{"@type":"WebSite","@id":"https:\/\/yummypartybox.pl\/#website","url":"https:\/\/yummypartybox.pl\/","name":"Yummy Catering - Party Box","description":"Catering Box. \u015awie\u017ce produkty, pyszny smak, jako\u015b\u0107 to Yummy Party Box.","publisher":{"@id":"https:\/\/yummypartybox.pl\/#organization"},"alternateName":"YUMMY CATERING","potentialAction":[{"@type":"SearchAction","target":{"@type":"EntryPoint","urlTemplate":"https:\/\/yummypartybox.pl\/?s={search_term_string}"},"query-input":{"@type":"PropertyValueSpecification","valueRequired":true,"valueName":"search_term_string"}}],"inLanguage":"en-US"},{"@type":"Organization","@id":"https:\/\/yummypartybox.pl\/#organization","name":"Yummy Catering - Party Box","url":"https:\/\/yummypartybox.pl\/","logo":{"@type":"ImageObject","inLanguage":"en-US","@id":"https:\/\/yummypartybox.pl\/#\/schema\/logo\/image\/","url":"https:\/\/yummypartybox.pl\/wp-content\/uploads\/2022\/11\/logo-yummy-partybox.png","contentUrl":"https:\/\/yummypartybox.pl\/wp-content\/uploads\/2022\/11\/logo-yummy-partybox.png","width":163,"height":163,"caption":"Yummy Catering - Party Box"},"image":{"@id":"https:\/\/yummypartybox.pl\/#\/schema\/logo\/image\/"}}]}},"_links":{"self":[{"href":"https:\/\/yummypartybox.pl\/en\/wp-json\/wp\/v2\/product\/27036","targetHints":{"allow":["GET"]}}],"collection":[{"href":"https:\/\/yummypartybox.pl\/en\/wp-json\/wp\/v2\/product"}],"about":[{"href":"https:\/\/yummypartybox.pl\/en\/wp-json\/wp\/v2\/types\/product"}],"version-history":[{"count":5,"href":"https:\/\/yummypartybox.pl\/en\/wp-json\/wp\/v2\/product\/27036\/revisions"}],"predecessor-version":[{"id":29253,"href":"https:\/\/yummypartybox.pl\/en\/wp-json\/wp\/v2\/product\/27036\/revisions\/29253"}],"wp:featuredmedia":[{"embeddable":true,"href":"https:\/\/yummypartybox.pl\/en\/wp-json\/wp\/v2\/media\/27037"}],"wp:attachment":[{"href":"https:\/\/yummypartybox.pl\/en\/wp-json\/wp\/v2\/media?parent=27036"}],"wp:term":[{"taxonomy":"product_brand","embeddable":true,"href":"https:\/\/yummypartybox.pl\/en\/wp-json\/wp\/v2\/product_brand?post=27036"},{"taxonomy":"product_cat","embeddable":true,"href":"https:\/\/yummypartybox.pl\/en\/wp-json\/wp\/v2\/product_cat?post=27036"},{"taxonomy":"product_tag","embeddable":true,"href":"https:\/\/yummypartybox.pl\/en\/wp-json\/wp\/v2\/product_tag?post=27036"}],"curies":[{"name":"wp","href":"https:\/\/api.w.org\/{rel}","templated":true}]}}