{"id":23373,"date":"2024-12-21T12:47:39","date_gmt":"2024-12-21T11:47:39","guid":{"rendered":"https:\/\/yummypartybox.pl\/?post_type=product&#038;p=23373"},"modified":"2026-03-16T09:31:59","modified_gmt":"2026-03-16T08:31:59","slug":"sylwestrowy-box-rozmaitosci-w-wersji-finger-food-2","status":"publish","type":"product","link":"https:\/\/yummypartybox.pl\/en\/sklep\/sylwestrowy-box-rozmaitosci-w-wersji-finger-food-2\/","title":{"rendered":"Box Rozmaito\u015bci w wersji Finger food"},"content":{"rendered":"\t\t<div data-elementor-type=\"wp-post\" data-elementor-id=\"23373\" class=\"elementor elementor-23373\">\n\t\t\t\t\t\t<section class=\"wd-negative-gap elementor-section elementor-top-section elementor-element elementor-element-6113a46 elementor-section-boxed elementor-section-height-default elementor-section-height-default\" data-id=\"6113a46\" data-element_type=\"section\">\n\t\t\t\t\t\t<div class=\"elementor-container elementor-column-gap-default\">\n\t\t\t\t\t<div class=\"elementor-column elementor-col-100 elementor-top-column elementor-element elementor-element-68f9166\" data-id=\"68f9166\" data-element_type=\"column\" id=\"sklad\">\n\t\t\t<div class=\"elementor-widget-wrap elementor-element-populated\">\n\t\t\t\t\t\t<div class=\"elementor-element elementor-element-e021b9d elementor-widget elementor-widget-wd_text_block\" data-id=\"e021b9d\" data-element_type=\"widget\" data-widget_type=\"wd_text_block.default\">\n\t\t\t\t<div class=\"elementor-widget-container\">\n\t\t\t\t\t\t\t<div class=\"wd-text-block reset-last-child text-left\">\n\t\t\t\n\t\t\t<h4>Sk\u0142ad:<\/h4><ul><li>5 x koreczki chorizo, ananas, kulki melona<\/li><li>5 x koreczki capresse<\/li><li>5 x krewetka z mango chilli<\/li><li>5 x sajgonka w sosie mango chilli<\/li><li>5 x strips z kurczaka w szczypiorkowym aioli<\/li><li>6 x panna cotta<\/li><li>5 x tiramisu<\/li><\/ul>\n\t\t\t\t\t<\/div>\n\t\t\t\t\t\t<\/div>\n\t\t\t\t<\/div>\n\t\t\t\t<div class=\"elementor-element elementor-element-cfb9848 elementor-widget elementor-widget-wd_text_block\" data-id=\"cfb9848\" data-element_type=\"widget\" data-widget_type=\"wd_text_block.default\">\n\t\t\t\t<div class=\"elementor-widget-container\">\n\t\t\t\t\t\t\t<div class=\"wd-text-block reset-last-child text-left\">\n\t\t\t\n\t\t\t<p>*Sk\u0142adniki i dodatki mog\u0105 r\u00f3\u017cni\u0107 si\u0119, w zale\u017cno\u015bci od sezonu oraz dost\u0119pno\u015bci produkt\u00f3w.<br \/>*BOXy mog\u0105 r\u00f3\u017cni\u0107 si\u0119 u\u0142o\u017ceniem oraz wybranymi produktami od tego co jest widoczne na zdj\u0119ciu.<\/p>\n\t\t\t\t\t<\/div>\n\t\t\t\t\t\t<\/div>\n\t\t\t\t<\/div>\n\t\t\t\t\t<\/div>\n\t\t<\/div>\n\t\t\t\t\t<\/div>\n\t\t<\/section>\n\t\t\t\t<\/div>\n\t\t","protected":false},"excerpt":{"rendered":"<p><b style=\"font-size: 18px; color: #000;\">Box dla 6-8 os\u00f3b<\/b><br \/>\n<u><a href=\"#sklad\">Zobacz sk\u0142ad<\/a><\/u><\/p>\n","protected":false},"featured_media":29795,"template":"","meta":{"_acf_changed":false},"product_brand":[],"product_cat":[110,20],"product_tag":[],"class_list":{"0":"post-23373","1":"product","2":"type-product","3":"status-publish","4":"has-post-thumbnail","6":"product_cat-boxy-na-slodko","7":"product_cat-boxy-wytrawnie","8":"tm-no-options","10":"first","11":"instock","12":"taxable","13":"shipping-taxable","14":"purchasable","15":"product-type-simple"},"acf":[],"yoast_head":"<!-- This site is optimized with the Yoast SEO plugin v26.3 - https:\/\/yoast.com\/wordpress\/plugins\/seo\/ -->\n<title>Box Rozmaito\u015bci w wersji Finger food - Yummy Catering - Party Box<\/title>\n<meta name=\"robots\" content=\"index, follow, max-snippet:-1, max-image-preview:large, max-video-preview:-1\" \/>\n<link rel=\"canonical\" href=\"https:\/\/yummypartybox.pl\/sklep\/sylwestrowy-box-rozmaitosci-w-wersji-finger-food-2\/\" \/>\n<meta property=\"og:locale\" content=\"en_US\" \/>\n<meta property=\"og:type\" content=\"article\" \/>\n<meta property=\"og:title\" content=\"Box Rozmaito\u015bci w wersji Finger food - Yummy Catering - Party Box\" \/>\n<meta property=\"og:description\" content=\"Box dla 6-8 os\u00f3b Zobacz sk\u0142ad\" \/>\n<meta property=\"og:url\" content=\"https:\/\/yummypartybox.pl\/sklep\/sylwestrowy-box-rozmaitosci-w-wersji-finger-food-2\/\" \/>\n<meta property=\"og:site_name\" content=\"Yummy Catering - Party Box\" \/>\n<meta property=\"article:modified_time\" content=\"2026-03-16T08:31:59+00:00\" \/>\n<meta property=\"og:image\" content=\"https:\/\/yummypartybox.pl\/wp-content\/uploads\/2024\/12\/Box-Rozmaitosci-w-wersji-Finger-food-rozowy-stand.jpg\" \/>\n\t<meta property=\"og:image:width\" content=\"600\" \/>\n\t<meta property=\"og:image:height\" content=\"600\" \/>\n\t<meta property=\"og:image:type\" content=\"image\/jpeg\" \/>\n<meta name=\"twitter:card\" content=\"summary_large_image\" \/>\n<meta name=\"twitter:label1\" content=\"Est. reading time\" \/>\n\t<meta name=\"twitter:data1\" content=\"1 minute\" \/>\n<script type=\"application\/ld+json\" class=\"yoast-schema-graph\">{\"@context\":\"https:\/\/schema.org\",\"@graph\":[{\"@type\":\"WebPage\",\"@id\":\"https:\/\/yummypartybox.pl\/sklep\/sylwestrowy-box-rozmaitosci-w-wersji-finger-food-2\/\",\"url\":\"https:\/\/yummypartybox.pl\/sklep\/sylwestrowy-box-rozmaitosci-w-wersji-finger-food-2\/\",\"name\":\"Box Rozmaito\u015bci w wersji Finger food - Yummy Catering - Party Box\",\"isPartOf\":{\"@id\":\"https:\/\/yummypartybox.pl\/#website\"},\"primaryImageOfPage\":{\"@id\":\"https:\/\/yummypartybox.pl\/sklep\/sylwestrowy-box-rozmaitosci-w-wersji-finger-food-2\/#primaryimage\"},\"image\":{\"@id\":\"https:\/\/yummypartybox.pl\/sklep\/sylwestrowy-box-rozmaitosci-w-wersji-finger-food-2\/#primaryimage\"},\"thumbnailUrl\":\"https:\/\/yummypartybox.pl\/wp-content\/uploads\/2024\/12\/Box-Rozmaitosci-w-wersji-Finger-food-rozowy-stand.jpg\",\"datePublished\":\"2024-12-21T11:47:39+00:00\",\"dateModified\":\"2026-03-16T08:31:59+00:00\",\"breadcrumb\":{\"@id\":\"https:\/\/yummypartybox.pl\/sklep\/sylwestrowy-box-rozmaitosci-w-wersji-finger-food-2\/#breadcrumb\"},\"inLanguage\":\"en-US\",\"potentialAction\":[{\"@type\":\"ReadAction\",\"target\":[\"https:\/\/yummypartybox.pl\/sklep\/sylwestrowy-box-rozmaitosci-w-wersji-finger-food-2\/\"]}]},{\"@type\":\"ImageObject\",\"inLanguage\":\"en-US\",\"@id\":\"https:\/\/yummypartybox.pl\/sklep\/sylwestrowy-box-rozmaitosci-w-wersji-finger-food-2\/#primaryimage\",\"url\":\"https:\/\/yummypartybox.pl\/wp-content\/uploads\/2024\/12\/Box-Rozmaitosci-w-wersji-Finger-food-rozowy-stand.jpg\",\"contentUrl\":\"https:\/\/yummypartybox.pl\/wp-content\/uploads\/2024\/12\/Box-Rozmaitosci-w-wersji-Finger-food-rozowy-stand.jpg\",\"width\":600,\"height\":600},{\"@type\":\"BreadcrumbList\",\"@id\":\"https:\/\/yummypartybox.pl\/sklep\/sylwestrowy-box-rozmaitosci-w-wersji-finger-food-2\/#breadcrumb\",\"itemListElement\":[{\"@type\":\"ListItem\",\"position\":1,\"name\":\"Strona g\u0142\u00f3wna\",\"item\":\"https:\/\/yummypartybox.pl\/\"},{\"@type\":\"ListItem\",\"position\":2,\"name\":\"Sklep\",\"item\":\"https:\/\/yummypartybox.pl\/sklep\/\"},{\"@type\":\"ListItem\",\"position\":3,\"name\":\"Box Rozmaito\u015bci w wersji Finger food\"}]},{\"@type\":\"WebSite\",\"@id\":\"https:\/\/yummypartybox.pl\/#website\",\"url\":\"https:\/\/yummypartybox.pl\/\",\"name\":\"Yummy Catering - Party Box\",\"description\":\"Catering Box. \u015awie\u017ce produkty, pyszny smak, jako\u015b\u0107 to Yummy Party Box.\",\"publisher\":{\"@id\":\"https:\/\/yummypartybox.pl\/#organization\"},\"alternateName\":\"YUMMY CATERING\",\"potentialAction\":[{\"@type\":\"SearchAction\",\"target\":{\"@type\":\"EntryPoint\",\"urlTemplate\":\"https:\/\/yummypartybox.pl\/?s={search_term_string}\"},\"query-input\":{\"@type\":\"PropertyValueSpecification\",\"valueRequired\":true,\"valueName\":\"search_term_string\"}}],\"inLanguage\":\"en-US\"},{\"@type\":\"Organization\",\"@id\":\"https:\/\/yummypartybox.pl\/#organization\",\"name\":\"Yummy Catering - Party Box\",\"url\":\"https:\/\/yummypartybox.pl\/\",\"logo\":{\"@type\":\"ImageObject\",\"inLanguage\":\"en-US\",\"@id\":\"https:\/\/yummypartybox.pl\/#\/schema\/logo\/image\/\",\"url\":\"https:\/\/yummypartybox.pl\/wp-content\/uploads\/2022\/11\/logo-yummy-partybox.png\",\"contentUrl\":\"https:\/\/yummypartybox.pl\/wp-content\/uploads\/2022\/11\/logo-yummy-partybox.png\",\"width\":163,\"height\":163,\"caption\":\"Yummy Catering - Party Box\"},\"image\":{\"@id\":\"https:\/\/yummypartybox.pl\/#\/schema\/logo\/image\/\"}}]}<\/script>\n<!-- \/ Yoast SEO plugin. -->","yoast_head_json":{"title":"Box Rozmaito\u015bci w wersji Finger food - Yummy Catering - Party Box","robots":{"index":"index","follow":"follow","max-snippet":"max-snippet:-1","max-image-preview":"max-image-preview:large","max-video-preview":"max-video-preview:-1"},"canonical":"https:\/\/yummypartybox.pl\/sklep\/sylwestrowy-box-rozmaitosci-w-wersji-finger-food-2\/","og_locale":"en_US","og_type":"article","og_title":"Box Rozmaito\u015bci w wersji Finger food - Yummy Catering - Party Box","og_description":"Box dla 6-8 os\u00f3b Zobacz sk\u0142ad","og_url":"https:\/\/yummypartybox.pl\/sklep\/sylwestrowy-box-rozmaitosci-w-wersji-finger-food-2\/","og_site_name":"Yummy Catering - Party Box","article_modified_time":"2026-03-16T08:31:59+00:00","og_image":[{"width":600,"height":600,"url":"https:\/\/yummypartybox.pl\/wp-content\/uploads\/2024\/12\/Box-Rozmaitosci-w-wersji-Finger-food-rozowy-stand.jpg","type":"image\/jpeg"}],"twitter_card":"summary_large_image","twitter_misc":{"Est. reading time":"1 minute"},"schema":{"@context":"https:\/\/schema.org","@graph":[{"@type":"WebPage","@id":"https:\/\/yummypartybox.pl\/sklep\/sylwestrowy-box-rozmaitosci-w-wersji-finger-food-2\/","url":"https:\/\/yummypartybox.pl\/sklep\/sylwestrowy-box-rozmaitosci-w-wersji-finger-food-2\/","name":"Box Rozmaito\u015bci w wersji Finger food - Yummy Catering - Party Box","isPartOf":{"@id":"https:\/\/yummypartybox.pl\/#website"},"primaryImageOfPage":{"@id":"https:\/\/yummypartybox.pl\/sklep\/sylwestrowy-box-rozmaitosci-w-wersji-finger-food-2\/#primaryimage"},"image":{"@id":"https:\/\/yummypartybox.pl\/sklep\/sylwestrowy-box-rozmaitosci-w-wersji-finger-food-2\/#primaryimage"},"thumbnailUrl":"https:\/\/yummypartybox.pl\/wp-content\/uploads\/2024\/12\/Box-Rozmaitosci-w-wersji-Finger-food-rozowy-stand.jpg","datePublished":"2024-12-21T11:47:39+00:00","dateModified":"2026-03-16T08:31:59+00:00","breadcrumb":{"@id":"https:\/\/yummypartybox.pl\/sklep\/sylwestrowy-box-rozmaitosci-w-wersji-finger-food-2\/#breadcrumb"},"inLanguage":"en-US","potentialAction":[{"@type":"ReadAction","target":["https:\/\/yummypartybox.pl\/sklep\/sylwestrowy-box-rozmaitosci-w-wersji-finger-food-2\/"]}]},{"@type":"ImageObject","inLanguage":"en-US","@id":"https:\/\/yummypartybox.pl\/sklep\/sylwestrowy-box-rozmaitosci-w-wersji-finger-food-2\/#primaryimage","url":"https:\/\/yummypartybox.pl\/wp-content\/uploads\/2024\/12\/Box-Rozmaitosci-w-wersji-Finger-food-rozowy-stand.jpg","contentUrl":"https:\/\/yummypartybox.pl\/wp-content\/uploads\/2024\/12\/Box-Rozmaitosci-w-wersji-Finger-food-rozowy-stand.jpg","width":600,"height":600},{"@type":"BreadcrumbList","@id":"https:\/\/yummypartybox.pl\/sklep\/sylwestrowy-box-rozmaitosci-w-wersji-finger-food-2\/#breadcrumb","itemListElement":[{"@type":"ListItem","position":1,"name":"Strona g\u0142\u00f3wna","item":"https:\/\/yummypartybox.pl\/"},{"@type":"ListItem","position":2,"name":"Sklep","item":"https:\/\/yummypartybox.pl\/sklep\/"},{"@type":"ListItem","position":3,"name":"Box Rozmaito\u015bci w wersji Finger food"}]},{"@type":"WebSite","@id":"https:\/\/yummypartybox.pl\/#website","url":"https:\/\/yummypartybox.pl\/","name":"Yummy Catering - Party Box","description":"Catering Box. \u015awie\u017ce produkty, pyszny smak, jako\u015b\u0107 to Yummy Party Box.","publisher":{"@id":"https:\/\/yummypartybox.pl\/#organization"},"alternateName":"YUMMY CATERING","potentialAction":[{"@type":"SearchAction","target":{"@type":"EntryPoint","urlTemplate":"https:\/\/yummypartybox.pl\/?s={search_term_string}"},"query-input":{"@type":"PropertyValueSpecification","valueRequired":true,"valueName":"search_term_string"}}],"inLanguage":"en-US"},{"@type":"Organization","@id":"https:\/\/yummypartybox.pl\/#organization","name":"Yummy Catering - Party Box","url":"https:\/\/yummypartybox.pl\/","logo":{"@type":"ImageObject","inLanguage":"en-US","@id":"https:\/\/yummypartybox.pl\/#\/schema\/logo\/image\/","url":"https:\/\/yummypartybox.pl\/wp-content\/uploads\/2022\/11\/logo-yummy-partybox.png","contentUrl":"https:\/\/yummypartybox.pl\/wp-content\/uploads\/2022\/11\/logo-yummy-partybox.png","width":163,"height":163,"caption":"Yummy Catering - Party Box"},"image":{"@id":"https:\/\/yummypartybox.pl\/#\/schema\/logo\/image\/"}}]}},"_links":{"self":[{"href":"https:\/\/yummypartybox.pl\/en\/wp-json\/wp\/v2\/product\/23373","targetHints":{"allow":["GET"]}}],"collection":[{"href":"https:\/\/yummypartybox.pl\/en\/wp-json\/wp\/v2\/product"}],"about":[{"href":"https:\/\/yummypartybox.pl\/en\/wp-json\/wp\/v2\/types\/product"}],"version-history":[{"count":27,"href":"https:\/\/yummypartybox.pl\/en\/wp-json\/wp\/v2\/product\/23373\/revisions"}],"predecessor-version":[{"id":23771,"href":"https:\/\/yummypartybox.pl\/en\/wp-json\/wp\/v2\/product\/23373\/revisions\/23771"}],"wp:featuredmedia":[{"embeddable":true,"href":"https:\/\/yummypartybox.pl\/en\/wp-json\/wp\/v2\/media\/29795"}],"wp:attachment":[{"href":"https:\/\/yummypartybox.pl\/en\/wp-json\/wp\/v2\/media?parent=23373"}],"wp:term":[{"taxonomy":"product_brand","embeddable":true,"href":"https:\/\/yummypartybox.pl\/en\/wp-json\/wp\/v2\/product_brand?post=23373"},{"taxonomy":"product_cat","embeddable":true,"href":"https:\/\/yummypartybox.pl\/en\/wp-json\/wp\/v2\/product_cat?post=23373"},{"taxonomy":"product_tag","embeddable":true,"href":"https:\/\/yummypartybox.pl\/en\/wp-json\/wp\/v2\/product_tag?post=23373"}],"curies":[{"name":"wp","href":"https:\/\/api.w.org\/{rel}","templated":true}]}}