{"id":20833,"date":"2024-07-24T13:35:05","date_gmt":"2024-07-24T11:35:05","guid":{"rendered":"https:\/\/yummypartybox.pl\/?post_type=product&#038;p=20833"},"modified":"2025-12-19T14:51:33","modified_gmt":"2025-12-19T13:51:33","slug":"croissant-box-premium-1","status":"publish","type":"product","link":"https:\/\/yummypartybox.pl\/en\/sklep\/croissant-box-premium-1\/","title":{"rendered":"Croissant Box Premium 1"},"content":{"rendered":"\t\t<div data-elementor-type=\"wp-post\" data-elementor-id=\"20833\" class=\"elementor elementor-20833\">\n\t\t\t\t\t\t<section class=\"wd-negative-gap elementor-section elementor-top-section elementor-element elementor-element-41314c5 elementor-section-boxed elementor-section-height-default elementor-section-height-default\" data-id=\"41314c5\" data-element_type=\"section\">\n\t\t\t\t\t\t<div class=\"elementor-container elementor-column-gap-default\">\n\t\t\t\t\t<div class=\"elementor-column elementor-col-100 elementor-top-column elementor-element elementor-element-3349fe0\" data-id=\"3349fe0\" data-element_type=\"column\" id=\"sklad\">\n\t\t\t<div class=\"elementor-widget-wrap elementor-element-populated\">\n\t\t\t\t\t\t<div class=\"elementor-element elementor-element-71ac840 elementor-widget elementor-widget-wd_text_block\" data-id=\"71ac840\" data-element_type=\"widget\" data-widget_type=\"wd_text_block.default\">\n\t\t\t\t<div class=\"elementor-widget-container\">\n\t\t\t\t\t\t\t<div class=\"wd-text-block reset-last-child text-left\">\n\t\t\t\n\t\t\t<h4>Sk\u0142ad:<\/h4><ul><li>Kurczak mango, grillowany ananas, li\u015bcie szpinaku, grillowane orzechy nerkowca, marmolada z pomara\u0144czy<\/li><li>\u0141oso\u015b w\u0119dzony, cytrynowy fromage, czerwona ci\u0119ta mi\u0119ta, plastry melona, sa\u0142ata d\u0119bowa zielona<\/li><\/ul><ul><li>Burrata, pesto bazyliowe, grillowane pomidorki cherry, roszponka<\/li><\/ul>\n\t\t\t\t\t<\/div>\n\t\t\t\t\t\t<\/div>\n\t\t\t\t<\/div>\n\t\t\t\t<div class=\"elementor-element elementor-element-2bc0c24 elementor-widget elementor-widget-wd_text_block\" data-id=\"2bc0c24\" data-element_type=\"widget\" data-widget_type=\"wd_text_block.default\">\n\t\t\t\t<div class=\"elementor-widget-container\">\n\t\t\t\t\t\t\t<div class=\"wd-text-block reset-last-child text-left\">\n\t\t\t\n\t\t\t<p>*Sk\u0142adniki i dodatki mog\u0105 r\u00f3\u017cni\u0107 si\u0119, w zale\u017cno\u015bci od sezonu oraz dost\u0119pno\u015bci produkt\u00f3w.<br \/>*BOXy mog\u0105 r\u00f3\u017cni\u0107 si\u0119 u\u0142o\u017ceniem oraz wybranymi produktami od tego co jest widoczne na zdj\u0119ciu.<\/p>\n\t\t\t\t\t<\/div>\n\t\t\t\t\t\t<\/div>\n\t\t\t\t<\/div>\n\t\t\t\t\t<\/div>\n\t\t<\/div>\n\t\t\t\t\t<\/div>\n\t\t<\/section>\n\t\t\t\t<\/div>\n\t\t","protected":false},"excerpt":{"rendered":"<p>Box zawiera 15 szt.<\/p>\n<p><u><a href=\"#sklad\">Zobacz sk\u0142ad<\/a><\/u><\/p>\n","protected":false},"featured_media":20836,"template":"","meta":{"_acf_changed":false},"product_brand":[],"product_cat":[20],"product_tag":[],"class_list":{"0":"post-20833","1":"product","2":"type-product","3":"status-publish","4":"has-post-thumbnail","6":"product_cat-boxy-wytrawnie","7":"tm-no-options","9":"first","10":"instock","11":"taxable","12":"shipping-taxable","13":"purchasable","14":"product-type-simple"},"acf":[],"yoast_head":"<!-- This site is optimized with the Yoast SEO plugin v26.3 - https:\/\/yoast.com\/wordpress\/plugins\/seo\/ -->\n<title>Croissant Box Premium 1 - Yummy Catering - Party Box<\/title>\n<meta name=\"robots\" content=\"index, follow, max-snippet:-1, max-image-preview:large, max-video-preview:-1\" \/>\n<link rel=\"canonical\" href=\"https:\/\/yummypartybox.pl\/sklep\/croissant-box-premium-1\/\" \/>\n<meta property=\"og:locale\" content=\"en_US\" \/>\n<meta property=\"og:type\" content=\"article\" \/>\n<meta property=\"og:title\" content=\"Croissant Box Premium 1 - Yummy Catering - Party Box\" \/>\n<meta property=\"og:description\" content=\"Box zawiera 15 szt.  Zobacz sk\u0142ad\" \/>\n<meta property=\"og:url\" content=\"https:\/\/yummypartybox.pl\/sklep\/croissant-box-premium-1\/\" \/>\n<meta property=\"og:site_name\" content=\"Yummy Catering - Party Box\" \/>\n<meta property=\"article:modified_time\" content=\"2025-12-19T13:51:33+00:00\" \/>\n<meta property=\"og:image\" content=\"https:\/\/yummypartybox.pl\/wp-content\/uploads\/2024\/07\/4-withoutnew.jpg\" \/>\n\t<meta property=\"og:image:width\" content=\"600\" \/>\n\t<meta property=\"og:image:height\" content=\"600\" \/>\n\t<meta property=\"og:image:type\" content=\"image\/jpeg\" \/>\n<meta name=\"twitter:card\" content=\"summary_large_image\" \/>\n<meta name=\"twitter:label1\" content=\"Est. reading time\" \/>\n\t<meta name=\"twitter:data1\" content=\"1 minute\" \/>\n<script type=\"application\/ld+json\" class=\"yoast-schema-graph\">{\"@context\":\"https:\/\/schema.org\",\"@graph\":[{\"@type\":\"WebPage\",\"@id\":\"https:\/\/yummypartybox.pl\/sklep\/croissant-box-premium-1\/\",\"url\":\"https:\/\/yummypartybox.pl\/sklep\/croissant-box-premium-1\/\",\"name\":\"Croissant Box Premium 1 - Yummy Catering - Party Box\",\"isPartOf\":{\"@id\":\"https:\/\/yummypartybox.pl\/#website\"},\"primaryImageOfPage\":{\"@id\":\"https:\/\/yummypartybox.pl\/sklep\/croissant-box-premium-1\/#primaryimage\"},\"image\":{\"@id\":\"https:\/\/yummypartybox.pl\/sklep\/croissant-box-premium-1\/#primaryimage\"},\"thumbnailUrl\":\"https:\/\/yummypartybox.pl\/wp-content\/uploads\/2024\/07\/4-withoutnew.jpg\",\"datePublished\":\"2024-07-24T11:35:05+00:00\",\"dateModified\":\"2025-12-19T13:51:33+00:00\",\"breadcrumb\":{\"@id\":\"https:\/\/yummypartybox.pl\/sklep\/croissant-box-premium-1\/#breadcrumb\"},\"inLanguage\":\"en-US\",\"potentialAction\":[{\"@type\":\"ReadAction\",\"target\":[\"https:\/\/yummypartybox.pl\/sklep\/croissant-box-premium-1\/\"]}]},{\"@type\":\"ImageObject\",\"inLanguage\":\"en-US\",\"@id\":\"https:\/\/yummypartybox.pl\/sklep\/croissant-box-premium-1\/#primaryimage\",\"url\":\"https:\/\/yummypartybox.pl\/wp-content\/uploads\/2024\/07\/4-withoutnew.jpg\",\"contentUrl\":\"https:\/\/yummypartybox.pl\/wp-content\/uploads\/2024\/07\/4-withoutnew.jpg\",\"width\":600,\"height\":600},{\"@type\":\"BreadcrumbList\",\"@id\":\"https:\/\/yummypartybox.pl\/sklep\/croissant-box-premium-1\/#breadcrumb\",\"itemListElement\":[{\"@type\":\"ListItem\",\"position\":1,\"name\":\"Strona g\u0142\u00f3wna\",\"item\":\"https:\/\/yummypartybox.pl\/\"},{\"@type\":\"ListItem\",\"position\":2,\"name\":\"Sklep\",\"item\":\"https:\/\/yummypartybox.pl\/sklep\/\"},{\"@type\":\"ListItem\",\"position\":3,\"name\":\"Croissant Box Premium 1\"}]},{\"@type\":\"WebSite\",\"@id\":\"https:\/\/yummypartybox.pl\/#website\",\"url\":\"https:\/\/yummypartybox.pl\/\",\"name\":\"Yummy Catering - Party Box\",\"description\":\"Catering Box. \u015awie\u017ce produkty, pyszny smak, jako\u015b\u0107 to Yummy Party Box.\",\"publisher\":{\"@id\":\"https:\/\/yummypartybox.pl\/#organization\"},\"alternateName\":\"YUMMY CATERING\",\"potentialAction\":[{\"@type\":\"SearchAction\",\"target\":{\"@type\":\"EntryPoint\",\"urlTemplate\":\"https:\/\/yummypartybox.pl\/?s={search_term_string}\"},\"query-input\":{\"@type\":\"PropertyValueSpecification\",\"valueRequired\":true,\"valueName\":\"search_term_string\"}}],\"inLanguage\":\"en-US\"},{\"@type\":\"Organization\",\"@id\":\"https:\/\/yummypartybox.pl\/#organization\",\"name\":\"Yummy Catering - Party Box\",\"url\":\"https:\/\/yummypartybox.pl\/\",\"logo\":{\"@type\":\"ImageObject\",\"inLanguage\":\"en-US\",\"@id\":\"https:\/\/yummypartybox.pl\/#\/schema\/logo\/image\/\",\"url\":\"https:\/\/yummypartybox.pl\/wp-content\/uploads\/2022\/11\/logo-yummy-partybox.png\",\"contentUrl\":\"https:\/\/yummypartybox.pl\/wp-content\/uploads\/2022\/11\/logo-yummy-partybox.png\",\"width\":163,\"height\":163,\"caption\":\"Yummy Catering - Party Box\"},\"image\":{\"@id\":\"https:\/\/yummypartybox.pl\/#\/schema\/logo\/image\/\"}}]}<\/script>\n<!-- \/ Yoast SEO plugin. -->","yoast_head_json":{"title":"Croissant Box Premium 1 - Yummy Catering - Party Box","robots":{"index":"index","follow":"follow","max-snippet":"max-snippet:-1","max-image-preview":"max-image-preview:large","max-video-preview":"max-video-preview:-1"},"canonical":"https:\/\/yummypartybox.pl\/sklep\/croissant-box-premium-1\/","og_locale":"en_US","og_type":"article","og_title":"Croissant Box Premium 1 - Yummy Catering - Party Box","og_description":"Box zawiera 15 szt.  Zobacz sk\u0142ad","og_url":"https:\/\/yummypartybox.pl\/sklep\/croissant-box-premium-1\/","og_site_name":"Yummy Catering - Party Box","article_modified_time":"2025-12-19T13:51:33+00:00","og_image":[{"width":600,"height":600,"url":"https:\/\/yummypartybox.pl\/wp-content\/uploads\/2024\/07\/4-withoutnew.jpg","type":"image\/jpeg"}],"twitter_card":"summary_large_image","twitter_misc":{"Est. reading time":"1 minute"},"schema":{"@context":"https:\/\/schema.org","@graph":[{"@type":"WebPage","@id":"https:\/\/yummypartybox.pl\/sklep\/croissant-box-premium-1\/","url":"https:\/\/yummypartybox.pl\/sklep\/croissant-box-premium-1\/","name":"Croissant Box Premium 1 - Yummy Catering - Party Box","isPartOf":{"@id":"https:\/\/yummypartybox.pl\/#website"},"primaryImageOfPage":{"@id":"https:\/\/yummypartybox.pl\/sklep\/croissant-box-premium-1\/#primaryimage"},"image":{"@id":"https:\/\/yummypartybox.pl\/sklep\/croissant-box-premium-1\/#primaryimage"},"thumbnailUrl":"https:\/\/yummypartybox.pl\/wp-content\/uploads\/2024\/07\/4-withoutnew.jpg","datePublished":"2024-07-24T11:35:05+00:00","dateModified":"2025-12-19T13:51:33+00:00","breadcrumb":{"@id":"https:\/\/yummypartybox.pl\/sklep\/croissant-box-premium-1\/#breadcrumb"},"inLanguage":"en-US","potentialAction":[{"@type":"ReadAction","target":["https:\/\/yummypartybox.pl\/sklep\/croissant-box-premium-1\/"]}]},{"@type":"ImageObject","inLanguage":"en-US","@id":"https:\/\/yummypartybox.pl\/sklep\/croissant-box-premium-1\/#primaryimage","url":"https:\/\/yummypartybox.pl\/wp-content\/uploads\/2024\/07\/4-withoutnew.jpg","contentUrl":"https:\/\/yummypartybox.pl\/wp-content\/uploads\/2024\/07\/4-withoutnew.jpg","width":600,"height":600},{"@type":"BreadcrumbList","@id":"https:\/\/yummypartybox.pl\/sklep\/croissant-box-premium-1\/#breadcrumb","itemListElement":[{"@type":"ListItem","position":1,"name":"Strona g\u0142\u00f3wna","item":"https:\/\/yummypartybox.pl\/"},{"@type":"ListItem","position":2,"name":"Sklep","item":"https:\/\/yummypartybox.pl\/sklep\/"},{"@type":"ListItem","position":3,"name":"Croissant Box Premium 1"}]},{"@type":"WebSite","@id":"https:\/\/yummypartybox.pl\/#website","url":"https:\/\/yummypartybox.pl\/","name":"Yummy Catering - Party Box","description":"Catering Box. \u015awie\u017ce produkty, pyszny smak, jako\u015b\u0107 to Yummy Party Box.","publisher":{"@id":"https:\/\/yummypartybox.pl\/#organization"},"alternateName":"YUMMY CATERING","potentialAction":[{"@type":"SearchAction","target":{"@type":"EntryPoint","urlTemplate":"https:\/\/yummypartybox.pl\/?s={search_term_string}"},"query-input":{"@type":"PropertyValueSpecification","valueRequired":true,"valueName":"search_term_string"}}],"inLanguage":"en-US"},{"@type":"Organization","@id":"https:\/\/yummypartybox.pl\/#organization","name":"Yummy Catering - Party Box","url":"https:\/\/yummypartybox.pl\/","logo":{"@type":"ImageObject","inLanguage":"en-US","@id":"https:\/\/yummypartybox.pl\/#\/schema\/logo\/image\/","url":"https:\/\/yummypartybox.pl\/wp-content\/uploads\/2022\/11\/logo-yummy-partybox.png","contentUrl":"https:\/\/yummypartybox.pl\/wp-content\/uploads\/2022\/11\/logo-yummy-partybox.png","width":163,"height":163,"caption":"Yummy Catering - Party Box"},"image":{"@id":"https:\/\/yummypartybox.pl\/#\/schema\/logo\/image\/"}}]}},"_links":{"self":[{"href":"https:\/\/yummypartybox.pl\/en\/wp-json\/wp\/v2\/product\/20833","targetHints":{"allow":["GET"]}}],"collection":[{"href":"https:\/\/yummypartybox.pl\/en\/wp-json\/wp\/v2\/product"}],"about":[{"href":"https:\/\/yummypartybox.pl\/en\/wp-json\/wp\/v2\/types\/product"}],"version-history":[{"count":7,"href":"https:\/\/yummypartybox.pl\/en\/wp-json\/wp\/v2\/product\/20833\/revisions"}],"predecessor-version":[{"id":25675,"href":"https:\/\/yummypartybox.pl\/en\/wp-json\/wp\/v2\/product\/20833\/revisions\/25675"}],"wp:featuredmedia":[{"embeddable":true,"href":"https:\/\/yummypartybox.pl\/en\/wp-json\/wp\/v2\/media\/20836"}],"wp:attachment":[{"href":"https:\/\/yummypartybox.pl\/en\/wp-json\/wp\/v2\/media?parent=20833"}],"wp:term":[{"taxonomy":"product_brand","embeddable":true,"href":"https:\/\/yummypartybox.pl\/en\/wp-json\/wp\/v2\/product_brand?post=20833"},{"taxonomy":"product_cat","embeddable":true,"href":"https:\/\/yummypartybox.pl\/en\/wp-json\/wp\/v2\/product_cat?post=20833"},{"taxonomy":"product_tag","embeddable":true,"href":"https:\/\/yummypartybox.pl\/en\/wp-json\/wp\/v2\/product_tag?post=20833"}],"curies":[{"name":"wp","href":"https:\/\/api.w.org\/{rel}","templated":true}]}}